{"id":1004,"date":"2021-01-20T11:20:12","date_gmt":"2021-01-20T14:20:12","guid":{"rendered":"http:\/\/nucleoflordavida.com.br\/site\/?page_id=1004"},"modified":"2021-02-05T09:44:06","modified_gmt":"2021-02-05T12:44:06","slug":"flavia-garcia","status":"publish","type":"page","link":"https:\/\/nucleoflordavida.com.br\/site\/flavia-garcia\/","title":{"rendered":"Fl\u00e1via Garcia"},"content":{"rendered":"\n\n  <div class=\"banner has-hover\" id=\"banner-236085474\">\n          <div class=\"banner-inner fill\">\n        <div class=\"banner-bg fill\" >\n            <div class=\"bg fill bg-fill \"><\/div>\n                        <div class=\"overlay\"><\/div>            \n                    <\/div><!-- bg-layers -->\n        <div class=\"banner-layers container\">\n            <div class=\"fill banner-link\"><\/div>            \n\n\n        <\/div><!-- .banner-layers -->\n      <\/div><!-- .banner-inner -->\n\n            \n<style scope=\"scope\">\n\n#banner-236085474 {\n  padding-top: 320px;\n  background-color: rgb(255, 255, 255);\n}\n#banner-236085474 .bg.bg-loaded {\n  background-image: url(https:\/\/nucleoflordavida.com.br\/site\/wp-content\/uploads\/2021\/02\/bg-geral-azul.jpg);\n}\n#banner-236085474 .overlay {\n  background-color: rgba(255, 255, 255, 0.06);\n}\n#banner-236085474 .bg {\n  background-position: 60% 63%;\n}\n<\/style>\n  <\/div><!-- .banner -->\n\n\n<div class=\"row row-small\"  id=\"row-1276502490\">\n\n<div class=\"col small-12 large-12\"  ><div class=\"col-inner\" style=\"background-color:rgb(255, 255, 255);padding:43px 0px 0px 0px;margin:-135px 0px 0px 0px;\" >\n\n<h1 style=\"text-align: center; font-weight: 300;\"><span style=\"font-size: 200%;\">Fl\u00e1via Garcia<\/span><\/h1>\n<p><img loading=\"lazy\" decoding=\"async\" class=\"aligncenter wp-image-333\" src=\"http:\/\/nucleoflordavida.com.br\/site\/wp-content\/uploads\/2021\/02\/cor_dourado_elemento.png\" alt=\"\" width=\"126\" height=\"40\"><\/p>\n\n<\/div><\/div>\n<div class=\"col medium-8 small-12 large-8\"  ><div class=\"col-inner\"  >\n\n<div class=\"gap-element\" style=\"display:block; height:auto; padding-top:50px\" class=\"clearfix\"><\/div>\n\n\n<\/div><\/div>\n\n\n<style scope=\"scope\">\n\n#row-1276502490 > .col > .col-inner {\n  padding: 0px 0 0px 0px;\n}\n<\/style>\n<\/div>\n<div class=\"row\"  id=\"row-331046667\">\n\n<div class=\"col small-12 large-12\"  ><div class=\"col-inner\"  >\n\n<p style=\"text-align: center;\"><img loading=\"lazy\" decoding=\"async\" class=\"size-medium wp-image-1006 aligncenter\" src=\"http:\/\/nucleoflordavida.com.br\/site\/wp-content\/uploads\/2021\/01\/flavia-399x400.png\" alt=\"\" width=\"399\" height=\"400\" srcset=\"https:\/\/nucleoflordavida.com.br\/site\/wp-content\/uploads\/2021\/01\/flavia-399x400.png 399w, https:\/\/nucleoflordavida.com.br\/site\/wp-content\/uploads\/2021\/01\/flavia-280x280.png 280w, https:\/\/nucleoflordavida.com.br\/site\/wp-content\/uploads\/2021\/01\/flavia-300x300.png 300w, https:\/\/nucleoflordavida.com.br\/site\/wp-content\/uploads\/2021\/01\/flavia.png 600w, https:\/\/nucleoflordavida.com.br\/site\/wp-content\/uploads\/2021\/01\/flavia-100x100.png 100w\" sizes=\"auto, (max-width: 399px) 100vw, 399px\" \/><\/p>\n<p style=\"text-align: center;\"><strong>CRP06- 11708<\/strong><br \/><strong>Psicoterapeuta transpessoal e Coordenadora do&nbsp;<\/strong><strong>Flor da Vida \u2013 N\u00facleo de Evolu\u00e7\u00e3o Humana<\/strong><\/p>\n<ul>\n<li><span style=\"font-weight: 400;\">Mestre em Psicologia cl\u00ednica pela PUCSP<\/span><\/li>\n<li><span style=\"font-weight: 400;\">Terapeuta de EMDR e Brainspotting, membro da Associa\u00e7\u00e3o Brasileira de EMDR<\/span><\/li>\n<li><span style=\"font-weight: 400;\">Personal &amp; Professional coach pela SBC<\/span><\/li>\n<li><span style=\"font-weight: 400;\">Analista de Mapeamento Pessoal pela Human Code<\/span><\/li>\n<li><span style=\"font-weight: 400;\">Terapeuta Renascedora pelo Instituto de Renascimento de S\u00e3o Paulo<\/span><\/li>\n<li><span style=\"font-weight: 400;\">Terapeuta Avan\u00e7ada da Escola de Alquimia Contempor\u00e2nea e florais Joel Aleixo<\/span><\/li>\n<li><span style=\"font-weight: 400;\">Facilitadora do Jogo da Vida<\/span><\/li>\n<li><span style=\"font-weight: 400;\">Facilitadora de C\u00edrculo de Mulheres pelo Instituto Ip\u00ea Amarelo<\/span><\/li>\n<li><span style=\"font-weight: 400;\">Mestre Reiki pela Humaniversidade Hol\u00edstica<\/span><\/li>\n<\/ul>\n\n<\/div><\/div>\n\n<\/div>\n<div class=\"row\"  id=\"row-246199001\">\n\n<div class=\"col medium-4 small-12 large-4\"  ><div class=\"col-inner text-center box-shadow-4-hover\" style=\"background-color:rgb(255, 255, 255);\" >\n\n\n<\/div><\/div>\n<div class=\"col medium-4 small-12 large-4\"  ><div class=\"col-inner text-center box-shadow-4-hover\" style=\"background-color:rgb(250, 250, 250);\" >\n\n<a href=\"https:\/\/api.whatsapp.com\/send?phone=5511999331340\" target=\"_self\" class=\"button primary\"  style=\"border-radius:99px;\">\n    <span>fale conosco<\/span>\n  <\/a>\n\n\n\n<\/div><\/div>\n<div class=\"col medium-4 small-12 large-4\"  ><div class=\"col-inner text-center box-shadow-4-hover\" style=\"background-color:rgb(255, 255, 255);\" >\n\n\n<\/div><\/div>\n\n<\/div>\n<div class=\"gap-element\" style=\"display:block; height:auto; padding-top:60px\" class=\"clearfix\"><\/div>\n\n\t<section class=\"section\" id=\"section_1107034691\">\n\t\t<div class=\"bg section-bg fill bg-fill  \" >\n\n\t\t\t\n\t\t\t<div class=\"section-bg-overlay absolute fill\"><\/div>\n\t\t\t\n\n\t\t<\/div><!-- .section-bg -->\n\n\t\t<div class=\"section-content relative\">\n\t\t\t\n\n<div class=\"row align-equal\"  id=\"row-168614809\">\n\n<div class=\"col small-12 large-12\"  ><div class=\"col-inner\"  >\n\n<div class=\"gap-element\" style=\"display:block; height:auto; padding-top:35px\" class=\"clearfix\"><\/div>\n\n\n  <div class=\"banner has-hover\" id=\"banner-2039510807\">\n          <div class=\"banner-inner fill\">\n        <div class=\"banner-bg fill\" >\n            <div class=\"bg fill bg-fill \"><\/div>\n                                    \n                    <\/div><!-- bg-layers -->\n        <div class=\"banner-layers container\">\n            <div class=\"fill banner-link\"><\/div>            \n\n   <div id=\"text-box-1519600971\" class=\"text-box banner-layer x50 md-x10 lg-x10 y10 md-y15 lg-y15 res-text\">\n                                <div class=\"text \">\n              \n              <div class=\"text-inner text-center\">\n                  \n\n<div class=\"gap-element\" style=\"display:block; height:auto; padding-top:15px\" class=\"clearfix\"><\/div>\n\n<h3 class=\"uppercase\"><span style=\"font-size: 115%;\"><strong>AGENDE <br \/>SEU HOR\u00c1RIO<\/strong><\/span><\/h3>\n<p>Para agendar um hor\u00e1rio, basta ligar para o n\u00famero abaixo ou preencher o formul\u00e1rio ao lado:<\/p>\n<p><span style=\"font-size: 160%;\">Tel: +55 11 4412-1212 <br \/><img decoding=\"async\" src=\"http:\/\/nucleoflordavida.com.br\/site\/wp-content\/uploads\/2020\/11\/icon-whatsApp.png\" style=\"width:30px; margin-top:-6px\">11 99933-1340<\/span><\/p>\n<div class=\"social-icons follow-icons \" style=\"font-size:62%\"><a href=\"https:\/\/www.facebook.com\/sementeflordavida\" target=\"_blank\" data-label=\"Facebook\"  rel=\"noopener noreferrer nofollow\" class=\"icon button circle is-outline facebook tooltip\" title=\"Follow on Facebook\"><i class=\"icon-facebook\" ><\/i><\/a><a href=\"https:\/\/www.instagram.com\/sementeflordavida\/\" target=\"_blank\" rel=\"noopener noreferrer nofollow\" data-label=\"Instagram\" class=\"icon button circle is-outline  instagram tooltip\" title=\"Follow on Instagram\"><i class=\"icon-instagram\" ><\/i><\/a><\/div>\n\n\n              <\/div>\n           <\/div><!-- text-box-inner -->\n                            \n<style scope=\"scope\">\n\n#text-box-1519600971 {\n  margin: 0px 0px 0px 0px;\n  width: 69%;\n}\n#text-box-1519600971 .text {\n  font-size: 100%;\n}\n\n\n@media (min-width:550px) {\n\n  #text-box-1519600971 {\n    width: 38%;\n  }\n\n}\n<\/style>\n    <\/div><!-- text-box -->\n \n   <div id=\"text-box-1573808066\" class=\"text-box banner-layer x50 md-x90 lg-x90 y90 md-y50 lg-y50 res-text\">\n                                <div class=\"text \">\n              \n              <div class=\"text-inner text-left\">\n                  \n\n[contact-form-7 id=\"438\"]\n\n\n              <\/div>\n           <\/div><!-- text-box-inner -->\n                            \n<style scope=\"scope\">\n\n#text-box-1573808066 {\n  margin: 70px 0px 0px 0px;\n  width: 75%;\n}\n#text-box-1573808066 .text-inner {\n  padding: 0px 0px 0px 0px;\n}\n#text-box-1573808066 .text {\n  font-size: 100%;\n}\n\n\n@media (min-width:550px) {\n\n  #text-box-1573808066 {\n    margin: 0 0px 0px 0px;\n    width: 36%;\n  }\n  #text-box-1573808066 .text-inner {\n    padding: 0 0px 0px 0px;\n  }\n\n}\n<\/style>\n    <\/div><!-- text-box -->\n \n\n        <\/div><!-- .banner-layers -->\n      <\/div><!-- .banner-inner -->\n\n            \n<style scope=\"scope\">\n\n#banner-2039510807 {\n  padding-top: 730px;\n  background-color: rgba(255, 255, 255, 0.91);\n}\n\n\n@media (min-width:550px) {\n\n  #banner-2039510807 {\n    padding-top: 550px;\n  }\n\n}\n<\/style>\n  <\/div><!-- .banner -->\n\n\n\n<\/div><\/div>\n\n\n<style scope=\"scope\">\n\n<\/style>\n<\/div>\n\n\t\t<\/div><!-- .section-content -->\n\n\t\t\n<style scope=\"scope\">\n\n#section_1107034691 {\n  padding-top: 30px;\n  padding-bottom: 30px;\n}\n#section_1107034691 .section-bg-overlay {\n  background-color: rgba(255, 255, 255, 0.24);\n}\n#section_1107034691 .section-bg.bg-loaded {\n  background-image: url(https:\/\/nucleoflordavida.com.br\/site\/wp-content\/uploads\/2019\/02\/topo-home2-marca-dagua.jpg);\n}\n#section_1107034691 .section-bg {\n  background-position: 26% 58%;\n}\n<\/style>\n\t<\/section>\n\t\n\n\n","protected":false},"excerpt":{"rendered":"","protected":false},"author":3,"featured_media":0,"parent":0,"menu_order":0,"comment_status":"closed","ping_status":"closed","template":"page-transparent-header.php","meta":{"footnotes":""},"class_list":["post-1004","page","type-page","status-publish","hentry"],"_links":{"self":[{"href":"https:\/\/nucleoflordavida.com.br\/site\/wp-json\/wp\/v2\/pages\/1004","targetHints":{"allow":["GET"]}}],"collection":[{"href":"https:\/\/nucleoflordavida.com.br\/site\/wp-json\/wp\/v2\/pages"}],"about":[{"href":"https:\/\/nucleoflordavida.com.br\/site\/wp-json\/wp\/v2\/types\/page"}],"author":[{"embeddable":true,"href":"https:\/\/nucleoflordavida.com.br\/site\/wp-json\/wp\/v2\/users\/3"}],"replies":[{"embeddable":true,"href":"https:\/\/nucleoflordavida.com.br\/site\/wp-json\/wp\/v2\/comments?post=1004"}],"version-history":[{"count":21,"href":"https:\/\/nucleoflordavida.com.br\/site\/wp-json\/wp\/v2\/pages\/1004\/revisions"}],"predecessor-version":[{"id":1466,"href":"https:\/\/nucleoflordavida.com.br\/site\/wp-json\/wp\/v2\/pages\/1004\/revisions\/1466"}],"wp:attachment":[{"href":"https:\/\/nucleoflordavida.com.br\/site\/wp-json\/wp\/v2\/media?parent=1004"}],"curies":[{"name":"wp","href":"https:\/\/api.w.org\/{rel}","templated":true}]}}