{"id":1032,"date":"2021-01-20T13:16:35","date_gmt":"2021-01-20T16:16:35","guid":{"rendered":"http:\/\/nucleoflordavida.com.br\/site\/?page_id=1032"},"modified":"2021-02-05T10:32:11","modified_gmt":"2021-02-05T13:32:11","slug":"maha-lilah","status":"publish","type":"page","link":"https:\/\/nucleoflordavida.com.br\/site\/maha-lilah\/","title":{"rendered":"Maha Lilah"},"content":{"rendered":"\n\n  <div class=\"banner has-hover\" id=\"banner-1524433411\">\n          <div class=\"banner-inner fill\">\n        <div class=\"banner-bg fill\" >\n            <div class=\"bg fill bg-fill \"><\/div>\n                        <div class=\"overlay\"><\/div>            \n                    <\/div><!-- bg-layers -->\n        <div class=\"banner-layers container\">\n            <div class=\"fill banner-link\"><\/div>            \n\n\n        <\/div><!-- .banner-layers -->\n      <\/div><!-- .banner-inner -->\n\n            \n<style scope=\"scope\">\n\n#banner-1524433411 {\n  padding-top: 320px;\n  background-color: rgb(255, 255, 255);\n}\n#banner-1524433411 .bg.bg-loaded {\n  background-image: url(https:\/\/nucleoflordavida.com.br\/site\/wp-content\/uploads\/2021\/02\/bg-geral-azul.jpg);\n}\n#banner-1524433411 .overlay {\n  background-color: rgba(255, 255, 255, 0.06);\n}\n#banner-1524433411 .bg {\n  background-position: 32% 100%;\n}\n<\/style>\n  <\/div><!-- .banner -->\n\n\n<div class=\"row row-small\"  id=\"row-470488573\">\n\n<div class=\"col small-12 large-12\"  ><div class=\"col-inner\" style=\"background-color:rgb(255, 255, 255);padding:43px 0px 0px 0px;margin:-135px 0px 0px 0px;\" >\n\n<h1 style=\"text-align: center; font-weight: 300;\"><span style=\"font-size: 200%;\">O Jogo da Vida <\/span><\/h1>\n<p><img loading=\"lazy\" decoding=\"async\" class=\"aligncenter wp-image-333\" src=\"http:\/\/nucleoflordavida.com.br\/site\/wp-content\/uploads\/2021\/02\/cor_dourado_elemento.png\" alt=\"\" width=\"126\" height=\"40\"><\/p>\n\n<\/div><\/div>\n\n\n<style scope=\"scope\">\n\n#row-470488573 > .col > .col-inner {\n  padding: 0px 0 0px 0px;\n}\n<\/style>\n<\/div>\n<div class=\"row\"  id=\"row-244512646\">\n\n<div class=\"col small-12 large-12\"  ><div class=\"col-inner text-center\"  >\n\n<div class=\"row\"  id=\"row-1816162502\">\n\n<div class=\"col medium-4 small-12 large-4\"  ><div class=\"col-inner\"  >\n\n\n<\/div><\/div>\n<div class=\"col medium-4 small-12 large-4\"  ><div class=\"col-inner\"  >\n\n\t<div class=\"img has-hover x md-x lg-x y md-y lg-y\" id=\"image_1634911525\">\n\t\t\t\t\t\t\t\t<div class=\"img-inner dark\" >\n\t\t\t<img loading=\"lazy\" decoding=\"async\" width=\"625\" height=\"463\" src=\"https:\/\/nucleoflordavida.com.br\/site\/wp-content\/uploads\/2021\/02\/1.png\" class=\"attachment-large size-large\" alt=\"\" srcset=\"https:\/\/nucleoflordavida.com.br\/site\/wp-content\/uploads\/2021\/02\/1.png 625w, https:\/\/nucleoflordavida.com.br\/site\/wp-content\/uploads\/2021\/02\/1-540x400.png 540w, https:\/\/nucleoflordavida.com.br\/site\/wp-content\/uploads\/2021\/02\/1-600x444.png 600w\" sizes=\"auto, (max-width: 625px) 100vw, 625px\" \/>\t\t\t\t\t\t\n\t\t\t\t\t<\/div>\n\t\t\t\t\t\t\t\t\n<style scope=\"scope\">\n\n#image_1634911525 {\n  width: 100%;\n}\n<\/style>\n\t<\/div>\n\t\n\n\n<\/div><\/div>\n<div class=\"col medium-4 small-12 large-4\"  ><div class=\"col-inner\"  >\n\n\n<\/div><\/div>\n\n<\/div>\n<p style=\"color: #8b008b; text-align: center;\"><b>O JOGO DA VIDA<\/b><\/p>\n<p style=\"text-align: justify;\">O Jogo da Vida, ou Maha Lilah \u00e9 uma ferramenta para compreender o mundo fenomenal de Maia. Dentro da Sabedoria V\u00e9dica, a Vida, neste planeta, se d\u00e1 como um grande Jogo C\u00f3smico e conhecer as regras e as etapas deste Jogo, facilita muito nosso percurso na Jornada. O Jogo da Vida, tal como foi desenvolvido por Nickson Gabriel, funciona como um catalisador do processo terap\u00eautico, que oferece ao jogador a oportunidade de se localizar na sua Jornada e ter uma clara vis\u00e3o dos aspectos da personalidade que precisam ser transformados.<\/p>\n<p style=\"text-align: justify;\">As revela\u00e7\u00f5es ao longo do percurso acontecem de forma espont\u00e2nea, por\u00e9m precisa, a partir da leitura das casas e dos sinais que a Sincronicidade que se manifesta no desenrolar do Jogo vai apontando.<\/p>\n<p style=\"text-align: center;\"><strong><em>\u201cA sincronicidade \u00e9 a linguagem do Mist\u00e9rio e o Mist\u00e9rio \u00e9 o campo de trabalho do Jogo da Vida. O Jogo exige um certo esp\u00edrito de aventura, que \u00e9 uma atra\u00e7\u00e3o pelo Mist\u00e9rio e um prazer em desvend\u00e1-lo.\u201d Nickson Gabriel<\/em><\/strong><\/p>\n<p style=\"text-align: justify;\">O jogador leva para a consulta uma quest\u00e3o que o desafia neste momento de sua Vida. Com este desafio em mente e o cora\u00e7\u00e3o aberto para receber sinais e apontamentos, ele inicialmente vai escolher intuitivamente um arqu\u00e9tipo para gui\u00e1-lo no Jogo, que se expressa num tabuleiro de 72 casas utilizadas para mapear a sua Jornada.<\/p>\n<p style=\"text-align: justify;\">Conforme vai jogando o dado e se movendo pelo tabuleiro, a sincronicidade vai lhe conduzindo num percurso atrav\u00e9s de casas espec\u00edficas, onde o Jogo, aliado \u00e0s for\u00e7as do Inconsciente, revela sua Sabedoria ao Jogador, trazendo importantes revela\u00e7\u00f5es sobre o contexto do seu desafio e pontos para serem trabalhados no momento. Cada casa visitada pelo jogador em seu percurso, possui um tema espec\u00edfico e um campo frequencial portador de informa\u00e7\u00f5es, que iluminam partes obscuras da quest\u00e3o e da personalidade, oferecendo uma amplia\u00e7\u00e3o da vis\u00e3o e tocando pontos de cura na Alma. Este movimento no Jogo da Vida entra assim, em resson\u00e2ncia com movimentos internos do Jogador, que abrem novos caminhos e perspectivas para abordar o desafio daquele momento.<\/p>\n<p style=\"text-align: justify;\">A sess\u00e3o do Jogo da Vida tem a dura\u00e7\u00e3o m\u00e9dia de 2hs, onde ao longo de 4 a 5 rodadas se d\u00e3o os insights essenciais para a compreens\u00e3o da quest\u00e3o trazida para o Jogo.<\/p>\n\n<\/div><\/div>\n\n<\/div>\n\t<section class=\"section\" id=\"section_260849894\">\n\t\t<div class=\"bg section-bg fill bg-fill  \" >\n\n\t\t\t\n\t\t\t<div class=\"section-bg-overlay absolute fill\"><\/div>\n\t\t\t\n\n\t\t<\/div><!-- .section-bg -->\n\n\t\t<div class=\"section-content relative\">\n\t\t\t\n\n<div class=\"row align-equal\"  id=\"row-650488223\">\n\n<div class=\"col small-12 large-12\"  ><div class=\"col-inner\"  >\n\n<div class=\"gap-element\" style=\"display:block; height:auto; padding-top:35px\" class=\"clearfix\"><\/div>\n\n\n  <div class=\"banner has-hover\" id=\"banner-528419208\">\n          <div class=\"banner-inner fill\">\n        <div class=\"banner-bg fill\" >\n            <div class=\"bg fill bg-fill \"><\/div>\n                                    \n                    <\/div><!-- bg-layers -->\n        <div class=\"banner-layers container\">\n            <div class=\"fill banner-link\"><\/div>            \n\n   <div id=\"text-box-316387293\" class=\"text-box banner-layer x50 md-x10 lg-x10 y10 md-y15 lg-y15 res-text\">\n                                <div class=\"text \">\n              \n              <div class=\"text-inner text-center\">\n                  \n\n<div class=\"gap-element\" style=\"display:block; height:auto; padding-top:15px\" class=\"clearfix\"><\/div>\n\n<h3 class=\"uppercase\"><span style=\"font-size: 115%;\"><strong>AGENDE <br \/>SEU HOR\u00c1RIO<\/strong><\/span><\/h3>\n<p>Para agendar um hor\u00e1rio, basta ligar para o n\u00famero abaixo ou preencher o formul\u00e1rio ao lado:<\/p>\n<p><span style=\"font-size: 160%;\">Tel: +55 11 4412-1212 <br \/><img decoding=\"async\" src=\"http:\/\/nucleoflordavida.com.br\/site\/wp-content\/uploads\/2020\/11\/icon-whatsApp.png\" style=\"width:30px; margin-top:-6px\">11 99933-1340<\/span><\/p>\n<div class=\"social-icons follow-icons \" style=\"font-size:62%\"><a href=\"https:\/\/www.facebook.com\/sementeflordavida\" target=\"_blank\" data-label=\"Facebook\"  rel=\"noopener noreferrer nofollow\" class=\"icon button circle is-outline facebook tooltip\" title=\"Follow on Facebook\"><i class=\"icon-facebook\" ><\/i><\/a><a href=\"https:\/\/www.instagram.com\/sementeflordavida\/\" target=\"_blank\" rel=\"noopener noreferrer nofollow\" data-label=\"Instagram\" class=\"icon button circle is-outline  instagram tooltip\" title=\"Follow on Instagram\"><i class=\"icon-instagram\" ><\/i><\/a><\/div>\n\n\n              <\/div>\n           <\/div><!-- text-box-inner -->\n                            \n<style scope=\"scope\">\n\n#text-box-316387293 {\n  margin: 0px 0px 0px 0px;\n  width: 69%;\n}\n#text-box-316387293 .text {\n  font-size: 100%;\n}\n\n\n@media (min-width:550px) {\n\n  #text-box-316387293 {\n    width: 38%;\n  }\n\n}\n<\/style>\n    <\/div><!-- text-box -->\n \n   <div id=\"text-box-1767067289\" class=\"text-box banner-layer x50 md-x90 lg-x90 y90 md-y50 lg-y50 res-text\">\n                                <div class=\"text \">\n              \n              <div class=\"text-inner text-left\">\n                  \n\n[contact-form-7 id=\"438\"]\n\n\n              <\/div>\n           <\/div><!-- text-box-inner -->\n                            \n<style scope=\"scope\">\n\n#text-box-1767067289 {\n  margin: 70px 0px 0px 0px;\n  width: 75%;\n}\n#text-box-1767067289 .text-inner {\n  padding: 0px 0px 0px 0px;\n}\n#text-box-1767067289 .text {\n  font-size: 100%;\n}\n\n\n@media (min-width:550px) {\n\n  #text-box-1767067289 {\n    margin: 0 0px 0px 0px;\n    width: 36%;\n  }\n  #text-box-1767067289 .text-inner {\n    padding: 0 0px 0px 0px;\n  }\n\n}\n<\/style>\n    <\/div><!-- text-box -->\n \n\n        <\/div><!-- .banner-layers -->\n      <\/div><!-- .banner-inner -->\n\n            \n<style scope=\"scope\">\n\n#banner-528419208 {\n  padding-top: 730px;\n  background-color: rgba(255, 255, 255, 0.91);\n}\n\n\n@media (min-width:550px) {\n\n  #banner-528419208 {\n    padding-top: 550px;\n  }\n\n}\n<\/style>\n  <\/div><!-- .banner -->\n\n\n\n<\/div><\/div>\n\n\n<style scope=\"scope\">\n\n<\/style>\n<\/div>\n\n\t\t<\/div><!-- .section-content -->\n\n\t\t\n<style scope=\"scope\">\n\n#section_260849894 {\n  padding-top: 30px;\n  padding-bottom: 30px;\n}\n#section_260849894 .section-bg-overlay {\n  background-color: rgba(255, 255, 255, 0.24);\n}\n#section_260849894 .section-bg.bg-loaded {\n  background-image: url(https:\/\/nucleoflordavida.com.br\/site\/wp-content\/uploads\/2019\/02\/topo-home2-marca-dagua.jpg);\n}\n#section_260849894 .section-bg {\n  background-position: 26% 58%;\n}\n<\/style>\n\t<\/section>\n\t\n\n\n","protected":false},"excerpt":{"rendered":"","protected":false},"author":3,"featured_media":0,"parent":0,"menu_order":0,"comment_status":"closed","ping_status":"closed","template":"page-transparent-header.php","meta":{"footnotes":""},"class_list":["post-1032","page","type-page","status-publish","hentry"],"_links":{"self":[{"href":"https:\/\/nucleoflordavida.com.br\/site\/wp-json\/wp\/v2\/pages\/1032","targetHints":{"allow":["GET"]}}],"collection":[{"href":"https:\/\/nucleoflordavida.com.br\/site\/wp-json\/wp\/v2\/pages"}],"about":[{"href":"https:\/\/nucleoflordavida.com.br\/site\/wp-json\/wp\/v2\/types\/page"}],"author":[{"embeddable":true,"href":"https:\/\/nucleoflordavida.com.br\/site\/wp-json\/wp\/v2\/users\/3"}],"replies":[{"embeddable":true,"href":"https:\/\/nucleoflordavida.com.br\/site\/wp-json\/wp\/v2\/comments?post=1032"}],"version-history":[{"count":15,"href":"https:\/\/nucleoflordavida.com.br\/site\/wp-json\/wp\/v2\/pages\/1032\/revisions"}],"predecessor-version":[{"id":1519,"href":"https:\/\/nucleoflordavida.com.br\/site\/wp-json\/wp\/v2\/pages\/1032\/revisions\/1519"}],"wp:attachment":[{"href":"https:\/\/nucleoflordavida.com.br\/site\/wp-json\/wp\/v2\/media?parent=1032"}],"curies":[{"name":"wp","href":"https:\/\/api.w.org\/{rel}","templated":true}]}}