{"id":1038,"date":"2021-01-20T13:39:21","date_gmt":"2021-01-20T16:39:21","guid":{"rendered":"http:\/\/nucleoflordavida.com.br\/site\/?page_id=1038"},"modified":"2021-02-05T10:12:54","modified_gmt":"2021-02-05T13:12:54","slug":"mapeamento-pessoal","status":"publish","type":"page","link":"https:\/\/nucleoflordavida.com.br\/site\/mapeamento-pessoal\/","title":{"rendered":"Mapeamento Pessoal"},"content":{"rendered":"\n\n  <div class=\"banner has-hover\" id=\"banner-1505124602\">\n          <div class=\"banner-inner fill\">\n        <div class=\"banner-bg fill\" >\n            <div class=\"bg fill bg-fill \"><\/div>\n                        <div class=\"overlay\"><\/div>            \n                    <\/div><!-- bg-layers -->\n        <div class=\"banner-layers container\">\n            <div class=\"fill banner-link\"><\/div>            \n\n\n        <\/div><!-- .banner-layers -->\n      <\/div><!-- .banner-inner -->\n\n            \n<style scope=\"scope\">\n\n#banner-1505124602 {\n  padding-top: 320px;\n  background-color: rgb(255, 255, 255);\n}\n#banner-1505124602 .bg.bg-loaded {\n  background-image: url(https:\/\/nucleoflordavida.com.br\/site\/wp-content\/uploads\/2021\/02\/bg-geral-azul.jpg);\n}\n#banner-1505124602 .overlay {\n  background-color: rgba(255, 255, 255, 0.06);\n}\n#banner-1505124602 .bg {\n  background-position: 90% 21%;\n}\n<\/style>\n  <\/div><!-- .banner -->\n\n\n<div class=\"row row-small\"  id=\"row-1788983310\">\n\n<div class=\"col small-12 large-12\"  ><div class=\"col-inner\" style=\"background-color:rgb(255, 255, 255);padding:43px 0px 0px 0px;margin:-135px 0px 0px 0px;\" >\n\n<h1 style=\"text-align: center; font-weight: 300;\"><span style=\"font-size: 200%;\">Mapeamento Pessoal<\/span><\/h1>\n<p><img loading=\"lazy\" decoding=\"async\" class=\"aligncenter wp-image-333\" src=\"http:\/\/nucleoflordavida.com.br\/site\/wp-content\/uploads\/2021\/02\/cor_dourado_elemento.png\" alt=\"\" width=\"126\" height=\"40\"><\/p>\n\n<\/div><\/div>\n\n\n<style scope=\"scope\">\n\n#row-1788983310 > .col > .col-inner {\n  padding: 0px 0 0px 0px;\n}\n<\/style>\n<\/div>\n<div class=\"row\"  id=\"row-212200965\">\n\n<div class=\"col small-12 large-12\"  ><div class=\"col-inner text-center\"  >\n\n<div class=\"row\"  id=\"row-783937279\">\n\n<div class=\"col medium-4 small-12 large-4\"  ><div class=\"col-inner\"  >\n\n\n<\/div><\/div>\n<div class=\"col medium-4 small-12 large-4\"  ><div class=\"col-inner\"  >\n\n\t<div class=\"img has-hover x md-x lg-x y md-y lg-y\" id=\"image_216463482\">\n\t\t\t\t\t\t\t\t<div class=\"img-inner dark\" >\n\t\t\t<img loading=\"lazy\" decoding=\"async\" width=\"1020\" height=\"574\" src=\"https:\/\/nucleoflordavida.com.br\/site\/wp-content\/uploads\/2021\/02\/human-code-4-tipos.jpg\" class=\"attachment-large size-large\" alt=\"\" srcset=\"https:\/\/nucleoflordavida.com.br\/site\/wp-content\/uploads\/2021\/02\/human-code-4-tipos.jpg 1280w, https:\/\/nucleoflordavida.com.br\/site\/wp-content\/uploads\/2021\/02\/human-code-4-tipos-711x400.jpg 711w, https:\/\/nucleoflordavida.com.br\/site\/wp-content\/uploads\/2021\/02\/human-code-4-tipos-768x432.jpg 768w, https:\/\/nucleoflordavida.com.br\/site\/wp-content\/uploads\/2021\/02\/human-code-4-tipos-600x338.jpg 600w\" sizes=\"auto, (max-width: 1020px) 100vw, 1020px\" \/>\t\t\t\t\t\t\n\t\t\t\t\t<\/div>\n\t\t\t\t\t\t\t\t\n<style scope=\"scope\">\n\n#image_216463482 {\n  width: 100%;\n}\n<\/style>\n\t<\/div>\n\t\n\n\n<\/div><\/div>\n<div class=\"col medium-4 small-12 large-4\"  ><div class=\"col-inner\"  >\n\n\n<\/div><\/div>\n\n<\/div>\n<p style=\"color: #8b008b; text-align: center;\"><b>IDENTIFICANDO O C\u00d3DIGO HUMANO<\/b><\/p>\n<p style=\"text-align: justify;\"><span style=\"font-weight: 400;\">O Mapeamento Pessoal \u00e9 uma ferramenta para an\u00e1lise de perfil e cen\u00e1rios vivenciais, que foi desenvolvida por Marcia Lerina, para auxiliar o ser humano a se localizar na sua Jornada.<\/span><\/p>\n<p style=\"text-align: justify;\"><span style=\"font-weight: 400;\">Segundo Marcia, tudo ao nosso redor pode ser representado por meio de n\u00fameros. Se criarmos gr\u00e1ficos dos n\u00fameros encontrados em qualquer sistema, observaremos padr\u00f5es de express\u00e3o;&nbsp; esses padr\u00f5es codificam e direcionam o desenvolvimento dos fen\u00f4menos encontrados na natureza.<\/span><\/p>\n<p style=\"text-align: justify;\"><span style=\"font-weight: 400;\">O Mapeamento Pessoal se desenvolve com base nestes padr\u00f5es matem\u00e1ticos, mapeando ciclos de experi\u00eancias, tend\u00eancias de fluxo e descrevendo caracter\u00edsticas de perfis humanos que contribuem para ampliar o auto-conhecimento e a percep\u00e7\u00e3o de nossa dire\u00e7\u00e3o e prop\u00f3sito.&nbsp;<\/span><\/p>\n<p style=\"text-align: justify;\"><span style=\"font-weight: 400;\">As descri\u00e7\u00f5es do Mapeamento giram em torno de 4 Pilares:<\/span><\/p>\n<p style=\"text-align: justify;\"><span style=\"font-weight: 400;\"><strong>Perfil<\/strong> \u2013 Aqui se descrevem as caracter\u00edsticas do seu Eixo Evolutivo: a For\u00e7a Essencial que voc\u00ea traz ao chegar no mundo, o tipo de campo frequencial que voc\u00ea expressa e as caracter\u00edsticas de sua A\u00e7\u00e3o no Mundo.&nbsp; O qu\u00ea mais impulsiona o seu desenvolvimento.<\/span><\/p>\n<p style=\"text-align: justify;\"><span style=\"font-weight: 400;\"><strong>Macro Cen\u00e1rio<\/strong> \u2013 descri\u00e7\u00e3o da fase que voc\u00ea se encontra neste momento, na sua Jornada.<\/span><\/p>\n<p style=\"text-align: justify;\"><span style=\"font-weight: 400;\"><strong>Micro Cen\u00e1rios<\/strong> \u2013&nbsp; os direcionamentos de curto prazo, a tend\u00eancia de fluxo, uma vez que nossas escolhas Hoje, determinam os cen\u00e1rios de amanh\u00e3.<\/span><\/p>\n<p style=\"text-align: justify;\"><span style=\"font-weight: 400;\"><strong>Conectividades<\/strong> \u2013 Aqui aparecem as descri\u00e7\u00f5es de como interagimos em nossas rela\u00e7\u00f5es mais pr\u00f3ximas.<\/span><\/p>\n<p style=\"text-align: left;\"><span style=\"font-weight: 400;\">Este relat\u00f3rio \u00e9 produzido por uma analista da Human Code, treinada para a interpreta\u00e7\u00e3o dos dados apresentados pelo algoritmo, segundo seu nome completo e data de Nascimento.<\/span><\/p>\n<p style=\"text-align: left;\"><span style=\"font-weight: 400;\">A sess\u00e3o de mapeamento tem a dura\u00e7\u00e3o de 90 minutos.<\/span><\/p>\n<p style=\"text-align: right;\"><em><span style=\"font-weight: 400;\">Fl\u00e1via Garcia \u2013 Analista Human Code.<\/span><\/em><\/p>\n\n<\/div><\/div>\n\n<\/div>\n\t<section class=\"section\" id=\"section_1102941154\">\n\t\t<div class=\"bg section-bg fill bg-fill  \" >\n\n\t\t\t\n\t\t\t<div class=\"section-bg-overlay absolute fill\"><\/div>\n\t\t\t\n\n\t\t<\/div><!-- .section-bg -->\n\n\t\t<div class=\"section-content relative\">\n\t\t\t\n\n<div class=\"row align-equal\"  id=\"row-613453682\">\n\n<div class=\"col small-12 large-12\"  ><div class=\"col-inner\"  >\n\n<div class=\"gap-element\" style=\"display:block; height:auto; padding-top:35px\" class=\"clearfix\"><\/div>\n\n\n  <div class=\"banner has-hover\" id=\"banner-1323053660\">\n          <div class=\"banner-inner fill\">\n        <div class=\"banner-bg fill\" >\n            <div class=\"bg fill bg-fill \"><\/div>\n                                    \n                    <\/div><!-- bg-layers -->\n        <div class=\"banner-layers container\">\n            <div class=\"fill banner-link\"><\/div>            \n\n   <div id=\"text-box-362778624\" class=\"text-box banner-layer x50 md-x10 lg-x10 y10 md-y15 lg-y15 res-text\">\n                                <div class=\"text \">\n              \n              <div class=\"text-inner text-center\">\n                  \n\n<div class=\"gap-element\" style=\"display:block; height:auto; padding-top:15px\" class=\"clearfix\"><\/div>\n\n<h3 class=\"uppercase\"><span style=\"font-size: 115%;\"><strong>AGENDE <br \/>SEU HOR\u00c1RIO<\/strong><\/span><\/h3>\n<p>Para agendar um hor\u00e1rio, basta ligar para o n\u00famero abaixo ou preencher o formul\u00e1rio ao lado:<\/p>\n<p><span style=\"font-size: 160%;\">Tel: +55 11 4412-1212 <br \/><img decoding=\"async\" src=\"http:\/\/nucleoflordavida.com.br\/site\/wp-content\/uploads\/2020\/11\/icon-whatsApp.png\" style=\"width:30px; margin-top:-6px\">11 99933-1340<\/span><\/p>\n<div class=\"social-icons follow-icons \" style=\"font-size:62%\"><a href=\"https:\/\/www.facebook.com\/sementeflordavida\" target=\"_blank\" data-label=\"Facebook\"  rel=\"noopener noreferrer nofollow\" class=\"icon button circle is-outline facebook tooltip\" title=\"Follow on Facebook\"><i class=\"icon-facebook\" ><\/i><\/a><a href=\"https:\/\/www.instagram.com\/sementeflordavida\/\" target=\"_blank\" rel=\"noopener noreferrer nofollow\" data-label=\"Instagram\" class=\"icon button circle is-outline  instagram tooltip\" title=\"Follow on Instagram\"><i class=\"icon-instagram\" ><\/i><\/a><\/div>\n\n\n              <\/div>\n           <\/div><!-- text-box-inner -->\n                            \n<style scope=\"scope\">\n\n#text-box-362778624 {\n  margin: 0px 0px 0px 0px;\n  width: 69%;\n}\n#text-box-362778624 .text {\n  font-size: 100%;\n}\n\n\n@media (min-width:550px) {\n\n  #text-box-362778624 {\n    width: 38%;\n  }\n\n}\n<\/style>\n    <\/div><!-- text-box -->\n \n   <div id=\"text-box-1053995886\" class=\"text-box banner-layer x50 md-x90 lg-x90 y90 md-y50 lg-y50 res-text\">\n                                <div class=\"text \">\n              \n              <div class=\"text-inner text-left\">\n                  \n\n[contact-form-7 id=\"438\"]\n\n\n              <\/div>\n           <\/div><!-- text-box-inner -->\n                            \n<style scope=\"scope\">\n\n#text-box-1053995886 {\n  margin: 70px 0px 0px 0px;\n  width: 75%;\n}\n#text-box-1053995886 .text-inner {\n  padding: 0px 0px 0px 0px;\n}\n#text-box-1053995886 .text {\n  font-size: 100%;\n}\n\n\n@media (min-width:550px) {\n\n  #text-box-1053995886 {\n    margin: 0 0px 0px 0px;\n    width: 36%;\n  }\n  #text-box-1053995886 .text-inner {\n    padding: 0 0px 0px 0px;\n  }\n\n}\n<\/style>\n    <\/div><!-- text-box -->\n \n\n        <\/div><!-- .banner-layers -->\n      <\/div><!-- .banner-inner -->\n\n            \n<style scope=\"scope\">\n\n#banner-1323053660 {\n  padding-top: 730px;\n  background-color: rgba(255, 255, 255, 0.91);\n}\n\n\n@media (min-width:550px) {\n\n  #banner-1323053660 {\n    padding-top: 550px;\n  }\n\n}\n<\/style>\n  <\/div><!-- .banner -->\n\n\n\n<\/div><\/div>\n\n\n<style scope=\"scope\">\n\n<\/style>\n<\/div>\n\n\t\t<\/div><!-- .section-content -->\n\n\t\t\n<style scope=\"scope\">\n\n#section_1102941154 {\n  padding-top: 30px;\n  padding-bottom: 30px;\n}\n#section_1102941154 .section-bg-overlay {\n  background-color: rgba(255, 255, 255, 0.24);\n}\n#section_1102941154 .section-bg.bg-loaded {\n  background-image: url(https:\/\/nucleoflordavida.com.br\/site\/wp-content\/uploads\/2019\/02\/topo-home2-marca-dagua.jpg);\n}\n#section_1102941154 .section-bg {\n  background-position: 26% 58%;\n}\n<\/style>\n\t<\/section>\n\t\n\n\n","protected":false},"excerpt":{"rendered":"","protected":false},"author":3,"featured_media":0,"parent":0,"menu_order":0,"comment_status":"closed","ping_status":"closed","template":"page-transparent-header.php","meta":{"footnotes":""},"class_list":["post-1038","page","type-page","status-publish","hentry"],"_links":{"self":[{"href":"https:\/\/nucleoflordavida.com.br\/site\/wp-json\/wp\/v2\/pages\/1038","targetHints":{"allow":["GET"]}}],"collection":[{"href":"https:\/\/nucleoflordavida.com.br\/site\/wp-json\/wp\/v2\/pages"}],"about":[{"href":"https:\/\/nucleoflordavida.com.br\/site\/wp-json\/wp\/v2\/types\/page"}],"author":[{"embeddable":true,"href":"https:\/\/nucleoflordavida.com.br\/site\/wp-json\/wp\/v2\/users\/3"}],"replies":[{"embeddable":true,"href":"https:\/\/nucleoflordavida.com.br\/site\/wp-json\/wp\/v2\/comments?post=1038"}],"version-history":[{"count":11,"href":"https:\/\/nucleoflordavida.com.br\/site\/wp-json\/wp\/v2\/pages\/1038\/revisions"}],"predecessor-version":[{"id":1501,"href":"https:\/\/nucleoflordavida.com.br\/site\/wp-json\/wp\/v2\/pages\/1038\/revisions\/1501"}],"wp:attachment":[{"href":"https:\/\/nucleoflordavida.com.br\/site\/wp-json\/wp\/v2\/media?parent=1038"}],"curies":[{"name":"wp","href":"https:\/\/api.w.org\/{rel}","templated":true}]}}