{"id":1045,"date":"2021-01-20T13:55:53","date_gmt":"2021-01-20T16:55:53","guid":{"rendered":"http:\/\/nucleoflordavida.com.br\/site\/?page_id=1045"},"modified":"2021-02-05T10:13:40","modified_gmt":"2021-02-05T13:13:40","slug":"jogo-da-transformacao","status":"publish","type":"page","link":"https:\/\/nucleoflordavida.com.br\/site\/jogo-da-transformacao\/","title":{"rendered":"Jogo da Transforma\u00e7\u00e3o"},"content":{"rendered":"\n\n  <div class=\"banner has-hover\" id=\"banner-760086965\">\n          <div class=\"banner-inner fill\">\n        <div class=\"banner-bg fill\" >\n            <div class=\"bg fill bg-fill \"><\/div>\n                        <div class=\"overlay\"><\/div>            \n                    <\/div><!-- bg-layers -->\n        <div class=\"banner-layers container\">\n            <div class=\"fill banner-link\"><\/div>            \n\n\n        <\/div><!-- .banner-layers -->\n      <\/div><!-- .banner-inner -->\n\n            \n<style scope=\"scope\">\n\n#banner-760086965 {\n  padding-top: 320px;\n  background-color: rgb(255, 255, 255);\n}\n#banner-760086965 .bg.bg-loaded {\n  background-image: url(https:\/\/nucleoflordavida.com.br\/site\/wp-content\/uploads\/2021\/02\/bg-geral-azul.jpg);\n}\n#banner-760086965 .overlay {\n  background-color: rgba(255, 255, 255, 0.06);\n}\n#banner-760086965 .bg {\n  background-position: 48% 100%;\n}\n<\/style>\n  <\/div><!-- .banner -->\n\n\n<div class=\"row\"  id=\"row-989416785\">\n\n<div class=\"col medium-4 small-12 large-4\"  ><div class=\"col-inner\"  >\n\n\n<\/div><\/div>\n<div class=\"col medium-4 small-12 large-4\"  ><div class=\"col-inner\"  >\n\n\n<\/div><\/div>\n<div class=\"col medium-4 small-12 large-4\"  ><div class=\"col-inner\"  >\n\n\n<\/div><\/div>\n\n<\/div>\n<div class=\"row row-small\"  id=\"row-1746822448\">\n\n<div class=\"col small-12 large-12\"  ><div class=\"col-inner\" style=\"background-color:rgb(255, 255, 255);padding:43px 0px 0px 0px;margin:-135px 0px 0px 0px;\" >\n\n<h1 style=\"text-align: center; font-weight: 300;\"><span style=\"font-size: 200%;\">Jogo da Transforma\u00e7\u00e3o<\/span><\/h1>\n<p><img loading=\"lazy\" decoding=\"async\" class=\"aligncenter wp-image-333\" src=\"http:\/\/nucleoflordavida.com.br\/site\/wp-content\/uploads\/2021\/02\/cor_dourado_elemento.png\" alt=\"\" width=\"126\" height=\"40\"><\/p>\n<div class=\"row\"  id=\"row-630656961\">\n\n<div class=\"col medium-4 small-12 large-4\"  ><div class=\"col-inner\"  >\n\n\n<\/div><\/div>\n<div class=\"col medium-4 small-12 large-4\"  ><div class=\"col-inner\"  >\n\n\t<div class=\"img has-hover x md-x lg-x y md-y lg-y\" id=\"image_764429760\">\n\t\t\t\t\t\t\t\t<div class=\"img-inner dark\" >\n\t\t\t<img loading=\"lazy\" decoding=\"async\" width=\"1020\" height=\"536\" src=\"https:\/\/nucleoflordavida.com.br\/site\/wp-content\/uploads\/2021\/01\/j.png\" class=\"attachment-large size-large\" alt=\"\" srcset=\"https:\/\/nucleoflordavida.com.br\/site\/wp-content\/uploads\/2021\/01\/j.png 1200w, https:\/\/nucleoflordavida.com.br\/site\/wp-content\/uploads\/2021\/01\/j-762x400.png 762w, https:\/\/nucleoflordavida.com.br\/site\/wp-content\/uploads\/2021\/01\/j-768x403.png 768w, https:\/\/nucleoflordavida.com.br\/site\/wp-content\/uploads\/2021\/01\/j-600x315.png 600w\" sizes=\"auto, (max-width: 1020px) 100vw, 1020px\" \/>\t\t\t\t\t\t\n\t\t\t\t\t<\/div>\n\t\t\t\t\t\t\t\t\n<style scope=\"scope\">\n\n#image_764429760 {\n  width: 100%;\n}\n<\/style>\n\t<\/div>\n\t\n\n\n<\/div><\/div>\n<div class=\"col medium-4 small-12 large-4\"  ><div class=\"col-inner\"  >\n\n\n<\/div><\/div>\n\n<\/div>\n\n<\/div><\/div>\n\n\n<style scope=\"scope\">\n\n#row-1746822448 > .col > .col-inner {\n  padding: 0px 0 0px 0px;\n}\n<\/style>\n<\/div>\n<div class=\"row\"  id=\"row-1107874636\">\n\n<div class=\"col small-12 large-12\"  ><div class=\"col-inner text-center\"  >\n\n<p style=\"color: #8b008b; text-align: center;\"><b>Facilitadora: L\u00facia Amaral de Oliveira Ribeiro<\/b><\/p>\n<p style=\"text-align: justify;\"><span style=\"font-weight: 400;\">O Jogo da Transforma\u00e7\u00e3o foi criado na comunidade de Findhorn, na Esc\u00f3cia. \u00c9 uma ferramenta para compreender e transformar cren\u00e7as e padr\u00f5es de comportamento. Cada\u00a0<\/span><span style=\"font-weight: 400;\">participante escolhe um objetivo pessoal, definindo o que pretende receber ou alcan\u00e7ar, e tamb\u00e9m o que pretende oferecer para o grupo.<\/span><\/p>\n<p style=\"text-align: justify;\"><span style=\"font-weight: 400;\">Com o est\u00edmulo criativo do jogo, os participantes interagem cooperativamente, tornando-se mais conscientes de suas for\u00e7as, bloqueios e de como lidam com diferentes\u00a0<\/span><span style=\"font-weight: 400;\">experi\u00eancias. O jogo pode ser utilizado para diversas situa\u00e7\u00f5es, tais como: lidar com transi\u00e7\u00f5es envolvendo sa\u00fade, trabalho e relacionamentos; compreender padr\u00f5es de stress e mudar h\u00e1bitos; resolver conflitos; liberar a criatividade etc.<\/span><\/p>\n<p style=\"text-align: justify;\"><span style=\"font-weight: 400;\">L\u00facia Amaral de Oliveira Ribeiro trabalha h\u00e1 mais de dez anos com o Jogo da Transforma\u00e7\u00e3o. \u00c9 doutora em Literatura pela Universidade de S\u00e3o Paulo e graduada em\u00a0<\/span><span style=\"font-weight: 400;\">Administra\u00e7\u00e3o de Empresas pela Funda\u00e7\u00e3o Get\u00falio Vargas. Escreveu os livros Depois do Leite e Hist\u00f3rias de uma Peregrina; deu aulas de l\u00edngua e literatura francesa e publicou artigos relacionados \u00e0 sua pesquisa em literatura. Tamb\u00e9m trabalhou no mercado financeiro e na \u00e1rea de desenvolvimento de pessoas em empresas, fazendo uso de\u00a0<\/span><span style=\"font-weight: 400;\">jogos.<\/span><\/p>\n\n<\/div><\/div>\n\n<\/div>\n\t<section class=\"section\" id=\"section_2039356343\">\n\t\t<div class=\"bg section-bg fill bg-fill  \" >\n\n\t\t\t\n\t\t\t<div class=\"section-bg-overlay absolute fill\"><\/div>\n\t\t\t\n\n\t\t<\/div><!-- .section-bg -->\n\n\t\t<div class=\"section-content relative\">\n\t\t\t\n\n<div class=\"row align-equal\"  id=\"row-2092790845\">\n\n<div class=\"col small-12 large-12\"  ><div class=\"col-inner\"  >\n\n<div class=\"gap-element\" style=\"display:block; height:auto; padding-top:35px\" class=\"clearfix\"><\/div>\n\n\n  <div class=\"banner has-hover\" id=\"banner-1446096524\">\n          <div class=\"banner-inner fill\">\n        <div class=\"banner-bg fill\" >\n            <div class=\"bg fill bg-fill \"><\/div>\n                                    \n                    <\/div><!-- bg-layers -->\n        <div class=\"banner-layers container\">\n            <div class=\"fill banner-link\"><\/div>            \n\n   <div id=\"text-box-159084023\" class=\"text-box banner-layer x50 md-x10 lg-x10 y10 md-y15 lg-y15 res-text\">\n                                <div class=\"text \">\n              \n              <div class=\"text-inner text-center\">\n                  \n\n<div class=\"gap-element\" style=\"display:block; height:auto; padding-top:15px\" class=\"clearfix\"><\/div>\n\n<h3 class=\"uppercase\"><span style=\"font-size: 115%;\"><strong>AGENDE <br \/>SEU HOR\u00c1RIO<\/strong><\/span><\/h3>\n<p>Para agendar um hor\u00e1rio, basta ligar para o n\u00famero abaixo ou preencher o formul\u00e1rio ao lado:<\/p>\n<p><span style=\"font-size: 160%;\">Tel: +55 11 4412-1212 <br \/><img decoding=\"async\" src=\"http:\/\/nucleoflordavida.com.br\/site\/wp-content\/uploads\/2020\/11\/icon-whatsApp.png\" style=\"width:30px; margin-top:-6px\">11 99933-1340<\/span><\/p>\n<div class=\"social-icons follow-icons \" style=\"font-size:62%\"><a href=\"https:\/\/www.facebook.com\/sementeflordavida\" target=\"_blank\" data-label=\"Facebook\"  rel=\"noopener noreferrer nofollow\" class=\"icon button circle is-outline facebook tooltip\" title=\"Follow on Facebook\"><i class=\"icon-facebook\" ><\/i><\/a><a href=\"https:\/\/www.instagram.com\/sementeflordavida\/\" target=\"_blank\" rel=\"noopener noreferrer nofollow\" data-label=\"Instagram\" class=\"icon button circle is-outline  instagram tooltip\" title=\"Follow on Instagram\"><i class=\"icon-instagram\" ><\/i><\/a><\/div>\n\n\n              <\/div>\n           <\/div><!-- text-box-inner -->\n                            \n<style scope=\"scope\">\n\n#text-box-159084023 {\n  margin: 0px 0px 0px 0px;\n  width: 69%;\n}\n#text-box-159084023 .text {\n  font-size: 100%;\n}\n\n\n@media (min-width:550px) {\n\n  #text-box-159084023 {\n    width: 38%;\n  }\n\n}\n<\/style>\n    <\/div><!-- text-box -->\n \n   <div id=\"text-box-1124494657\" class=\"text-box banner-layer x50 md-x90 lg-x90 y90 md-y50 lg-y50 res-text\">\n                                <div class=\"text \">\n              \n              <div class=\"text-inner text-left\">\n                  \n\n[contact-form-7 id=\"438\"]\n\n\n              <\/div>\n           <\/div><!-- text-box-inner -->\n                            \n<style scope=\"scope\">\n\n#text-box-1124494657 {\n  margin: 70px 0px 0px 0px;\n  width: 75%;\n}\n#text-box-1124494657 .text-inner {\n  padding: 0px 0px 0px 0px;\n}\n#text-box-1124494657 .text {\n  font-size: 100%;\n}\n\n\n@media (min-width:550px) {\n\n  #text-box-1124494657 {\n    margin: 0 0px 0px 0px;\n    width: 36%;\n  }\n  #text-box-1124494657 .text-inner {\n    padding: 0 0px 0px 0px;\n  }\n\n}\n<\/style>\n    <\/div><!-- text-box -->\n \n\n        <\/div><!-- .banner-layers -->\n      <\/div><!-- .banner-inner -->\n\n            \n<style scope=\"scope\">\n\n#banner-1446096524 {\n  padding-top: 730px;\n  background-color: rgba(255, 255, 255, 0.91);\n}\n\n\n@media (min-width:550px) {\n\n  #banner-1446096524 {\n    padding-top: 550px;\n  }\n\n}\n<\/style>\n  <\/div><!-- .banner -->\n\n\n\n<\/div><\/div>\n\n\n<style scope=\"scope\">\n\n<\/style>\n<\/div>\n\n\t\t<\/div><!-- .section-content -->\n\n\t\t\n<style scope=\"scope\">\n\n#section_2039356343 {\n  padding-top: 30px;\n  padding-bottom: 30px;\n}\n#section_2039356343 .section-bg-overlay {\n  background-color: rgba(255, 255, 255, 0.24);\n}\n#section_2039356343 .section-bg.bg-loaded {\n  background-image: url(https:\/\/nucleoflordavida.com.br\/site\/wp-content\/uploads\/2019\/02\/topo-home2-marca-dagua.jpg);\n}\n#section_2039356343 .section-bg {\n  background-position: 26% 58%;\n}\n<\/style>\n\t<\/section>\n\t\n\n\n","protected":false},"excerpt":{"rendered":"","protected":false},"author":3,"featured_media":0,"parent":0,"menu_order":0,"comment_status":"closed","ping_status":"closed","template":"page-transparent-header.php","meta":{"footnotes":""},"class_list":["post-1045","page","type-page","status-publish","hentry"],"_links":{"self":[{"href":"https:\/\/nucleoflordavida.com.br\/site\/wp-json\/wp\/v2\/pages\/1045","targetHints":{"allow":["GET"]}}],"collection":[{"href":"https:\/\/nucleoflordavida.com.br\/site\/wp-json\/wp\/v2\/pages"}],"about":[{"href":"https:\/\/nucleoflordavida.com.br\/site\/wp-json\/wp\/v2\/types\/page"}],"author":[{"embeddable":true,"href":"https:\/\/nucleoflordavida.com.br\/site\/wp-json\/wp\/v2\/users\/3"}],"replies":[{"embeddable":true,"href":"https:\/\/nucleoflordavida.com.br\/site\/wp-json\/wp\/v2\/comments?post=1045"}],"version-history":[{"count":9,"href":"https:\/\/nucleoflordavida.com.br\/site\/wp-json\/wp\/v2\/pages\/1045\/revisions"}],"predecessor-version":[{"id":1502,"href":"https:\/\/nucleoflordavida.com.br\/site\/wp-json\/wp\/v2\/pages\/1045\/revisions\/1502"}],"wp:attachment":[{"href":"https:\/\/nucleoflordavida.com.br\/site\/wp-json\/wp\/v2\/media?parent=1045"}],"curies":[{"name":"wp","href":"https:\/\/api.w.org\/{rel}","templated":true}]}}