{"id":1069,"date":"2021-01-21T09:35:54","date_gmt":"2021-01-21T12:35:54","guid":{"rendered":"http:\/\/nucleoflordavida.com.br\/site\/?page_id=1069"},"modified":"2021-02-05T09:32:48","modified_gmt":"2021-02-05T12:32:48","slug":"site-massoterapia","status":"publish","type":"page","link":"https:\/\/nucleoflordavida.com.br\/site\/site-massoterapia\/","title":{"rendered":"Massoterapia"},"content":{"rendered":"\n\n  <div class=\"banner has-hover\" id=\"banner-1863574710\">\n          <div class=\"banner-inner fill\">\n        <div class=\"banner-bg fill\" >\n            <div class=\"bg fill bg-fill \"><\/div>\n                        <div class=\"overlay\"><\/div>            \n                    <\/div><!-- bg-layers -->\n        <div class=\"banner-layers container\">\n            <div class=\"fill banner-link\"><\/div>            \n\n\n        <\/div><!-- .banner-layers -->\n      <\/div><!-- .banner-inner -->\n\n            \n<style scope=\"scope\">\n\n#banner-1863574710 {\n  padding-top: 320px;\n  background-color: rgb(255, 255, 255);\n}\n#banner-1863574710 .bg.bg-loaded {\n  background-image: url(https:\/\/nucleoflordavida.com.br\/site\/wp-content\/uploads\/2021\/02\/bg-geral-azul.jpg);\n}\n#banner-1863574710 .overlay {\n  background-color: rgba(255, 255, 255, 0.06);\n}\n#banner-1863574710 .bg {\n  background-position: 50% 100%;\n}\n<\/style>\n  <\/div><!-- .banner -->\n\n\n<div class=\"row row-small\"  id=\"row-795934061\">\n\n<div class=\"col small-12 large-12\"  ><div class=\"col-inner\" style=\"background-color:rgb(255, 255, 255);padding:43px 0px 0px 0px;margin:-135px 0px 0px 0px;\" >\n\n<h1 style=\"text-align: center; font-weight: 300;\"><span style=\"font-size: 200%;\">Massoterapia <\/span><\/h1>\n<p><img loading=\"lazy\" decoding=\"async\" class=\"aligncenter wp-image-333\" src=\"http:\/\/nucleoflordavida.com.br\/site\/wp-content\/uploads\/2021\/02\/cor_dourado_elemento.png\" alt=\"\" width=\"126\" height=\"40\"><\/p>\n\n<\/div><\/div>\n\n\n<style scope=\"scope\">\n\n#row-795934061 > .col > .col-inner {\n  padding: 0px 0 0px 0px;\n}\n<\/style>\n<\/div>\n<div class=\"row\"  id=\"row-526650869\">\n\n<div class=\"col small-12 large-12\"  ><div class=\"col-inner text-center\"  >\n\n<div class=\"row\"  id=\"row-2065852276\">\n\n<div class=\"col medium-4 small-12 large-4\"  ><div class=\"col-inner\"  >\n\n\n<\/div><\/div>\n<div class=\"col medium-4 small-12 large-4\"  ><div class=\"col-inner\"  >\n\n\t<div class=\"img has-hover x md-x lg-x y md-y lg-y\" id=\"image_1085603765\">\n\t\t\t\t\t\t\t\t<div class=\"img-inner dark\" >\n\t\t\t<img loading=\"lazy\" decoding=\"async\" width=\"600\" height=\"400\" src=\"https:\/\/nucleoflordavida.com.br\/site\/wp-content\/uploads\/2021\/01\/9301_E-1-1.jpg\" class=\"attachment-large size-large\" alt=\"\" \/>\t\t\t\t\t\t\n\t\t\t\t\t<\/div>\n\t\t\t\t\t\t\t\t\n<style scope=\"scope\">\n\n#image_1085603765 {\n  width: 100%;\n}\n<\/style>\n\t<\/div>\n\t\n\n\n<\/div><\/div>\n<div class=\"col medium-4 small-12 large-4\"  ><div class=\"col-inner\"  >\n\n\n<\/div><\/div>\n\n<\/div>\n<p style=\"color: #8b008b; text-align: center;\"><b>Beatriz Mazza <\/b><\/p>\n<p style=\"color: #8b008b; text-align: center;\"><b>Massoterapeuta,\u00a0<\/b><b>Psic\u00f3loga e Terapeuta Corporal Hol\u00edstica. <\/b><\/p>\n<p style=\"text-align: center;\"><span style=\"font-weight: 400;\">Realiza sess\u00f5es personalizadas e protocolos exclusivos de acordo com as\u00a0<\/span><span style=\"font-weight: 400;\">necessidades e objetivos de cada cliente.<\/span><\/p>\n<p style=\"text-align: center;\"><strong>T\u00e9cnicas utilizadas:<\/strong><\/p>\n<p style=\"text-align: center;\"><span style=\"font-weight: 400;\">&#8211; Drenagem linf\u00e1tica<\/span><\/p>\n<p style=\"text-align: center;\"><span style=\"font-weight: 400;\">&#8211; Massagem modeladora<\/span><\/p>\n<p style=\"text-align: center;\"><span style=\"font-weight: 400;\">&#8211; Massagem com pedras quentes<\/span><\/p>\n<p style=\"text-align: center;\"><span style=\"font-weight: 400;\">&#8211; Massagem com bambus<\/span><\/p>\n<p style=\"text-align: center;\"><span style=\"font-weight: 400;\">&#8211; Ventosaterapia<\/span><\/p>\n<p style=\"text-align: center;\"><span style=\"font-weight: 400;\">&#8211; Auriculoterapia<\/span><\/p>\n<p style=\"text-align: center;\"><span style=\"font-weight: 400;\">&#8211; Terapia com argilas<\/span><\/p>\n<p style=\"text-align: center;\"><span style=\"font-weight: 400;\">&#8211; Moxabust\u00e3o<\/span><\/p>\n<p style=\"text-align: center;\"><span style=\"font-weight: 400;\">&#8211; Reiki<\/span><\/p>\n<p style=\"text-align: center;\"><span style=\"font-weight: 400;\">&#8211; Alinhamento de chakras com cristais<\/span><\/p>\n<p style=\"text-align: center;\"><span style=\"font-weight: 400;\">As sess\u00f5es visam proporcionar o equil\u00edbrio f\u00edsico, emocional e energ\u00e9tico de\u00a0<\/span><span style=\"font-weight: 400;\">cada indiv\u00edduo.<\/span><\/p>\n<p style=\"text-align: center;\"><span style=\"font-weight: 400;\">Marque j\u00e1 uma sess\u00e3o conosco, no N\u00facleo Flor da Vida. <\/span><\/p>\n\n<\/div><\/div>\n\n<\/div>\n<div class=\"row\"  id=\"row-794290877\">\n\n<div class=\"col medium-4 small-12 large-4\"  ><div class=\"col-inner\"  >\n\n\n<\/div><\/div>\n<div class=\"col medium-4 small-12 large-4\"  ><div class=\"col-inner\"  >\n\n\t<div class=\"img has-hover x md-x lg-x y md-y lg-y\" id=\"image_1714976720\">\n\t\t\t\t\t\t\t\t<div class=\"img-inner dark\" >\n\t\t\t<img loading=\"lazy\" decoding=\"async\" width=\"643\" height=\"800\" src=\"https:\/\/nucleoflordavida.com.br\/site\/wp-content\/uploads\/2021\/01\/professora-643x800.jpg\" class=\"attachment-large size-large\" alt=\"\" srcset=\"https:\/\/nucleoflordavida.com.br\/site\/wp-content\/uploads\/2021\/01\/professora-643x800.jpg 643w, https:\/\/nucleoflordavida.com.br\/site\/wp-content\/uploads\/2021\/01\/professora-321x400.jpg 321w, https:\/\/nucleoflordavida.com.br\/site\/wp-content\/uploads\/2021\/01\/professora-768x956.jpg 768w, https:\/\/nucleoflordavida.com.br\/site\/wp-content\/uploads\/2021\/01\/professora-600x747.jpg 600w, https:\/\/nucleoflordavida.com.br\/site\/wp-content\/uploads\/2021\/01\/professora.jpg 1440w\" sizes=\"auto, (max-width: 643px) 100vw, 643px\" \/>\t\t\t\t\t\t\n\t\t\t\t\t<\/div>\n\t\t\t\t\t\t\t\t\n<style scope=\"scope\">\n\n#image_1714976720 {\n  width: 100%;\n}\n<\/style>\n\t<\/div>\n\t\n\n\n<\/div><\/div>\n<div class=\"col medium-4 small-12 large-4\"  ><div class=\"col-inner\"  >\n\n\n<\/div><\/div>\n\n<\/div>\n\t<section class=\"section\" id=\"section_93007026\">\n\t\t<div class=\"bg section-bg fill bg-fill  \" >\n\n\t\t\t\n\t\t\t<div class=\"section-bg-overlay absolute fill\"><\/div>\n\t\t\t\n\n\t\t<\/div><!-- .section-bg -->\n\n\t\t<div class=\"section-content relative\">\n\t\t\t\n\n<div class=\"row align-equal\"  id=\"row-1594235366\">\n\n<div class=\"col small-12 large-12\"  ><div class=\"col-inner\"  >\n\n<div class=\"gap-element\" style=\"display:block; height:auto; padding-top:35px\" class=\"clearfix\"><\/div>\n\n\n  <div class=\"banner has-hover\" id=\"banner-2128786191\">\n          <div class=\"banner-inner fill\">\n        <div class=\"banner-bg fill\" >\n            <div class=\"bg fill bg-fill \"><\/div>\n                                    \n                    <\/div><!-- bg-layers -->\n        <div class=\"banner-layers container\">\n            <div class=\"fill banner-link\"><\/div>            \n\n   <div id=\"text-box-540736127\" class=\"text-box banner-layer x50 md-x10 lg-x10 y10 md-y15 lg-y15 res-text\">\n                                <div class=\"text \">\n              \n              <div class=\"text-inner text-center\">\n                  \n\n<div class=\"gap-element\" style=\"display:block; height:auto; padding-top:15px\" class=\"clearfix\"><\/div>\n\n<h3 class=\"uppercase\"><span style=\"font-size: 115%;\"><strong>AGENDE <br \/>SEU HOR\u00c1RIO<\/strong><\/span><\/h3>\n<p>Para agendar um hor\u00e1rio, basta ligar para o n\u00famero abaixo ou preencher o formul\u00e1rio ao lado:<\/p>\n<p><span style=\"font-size: 160%;\">Tel: +55 11 4412-1212 <br \/><img decoding=\"async\" src=\"http:\/\/nucleoflordavida.com.br\/site\/wp-content\/uploads\/2020\/11\/icon-whatsApp.png\" style=\"width:30px; margin-top:-6px\">11 99933-1340<\/span><\/p>\n<div class=\"social-icons follow-icons \" style=\"font-size:62%\"><a href=\"https:\/\/www.facebook.com\/sementeflordavida\" target=\"_blank\" data-label=\"Facebook\"  rel=\"noopener noreferrer nofollow\" class=\"icon button circle is-outline facebook tooltip\" title=\"Follow on Facebook\"><i class=\"icon-facebook\" ><\/i><\/a><a href=\"https:\/\/www.instagram.com\/sementeflordavida\/\" target=\"_blank\" rel=\"noopener noreferrer nofollow\" data-label=\"Instagram\" class=\"icon button circle is-outline  instagram tooltip\" title=\"Follow on Instagram\"><i class=\"icon-instagram\" ><\/i><\/a><\/div>\n\n\n              <\/div>\n           <\/div><!-- text-box-inner -->\n                            \n<style scope=\"scope\">\n\n#text-box-540736127 {\n  margin: 0px 0px 0px 0px;\n  width: 69%;\n}\n#text-box-540736127 .text {\n  font-size: 100%;\n}\n\n\n@media (min-width:550px) {\n\n  #text-box-540736127 {\n    width: 38%;\n  }\n\n}\n<\/style>\n    <\/div><!-- text-box -->\n \n   <div id=\"text-box-28219735\" class=\"text-box banner-layer x50 md-x90 lg-x90 y90 md-y50 lg-y50 res-text\">\n                                <div class=\"text \">\n              \n              <div class=\"text-inner text-left\">\n                  \n\n[contact-form-7 id=\"438\"]\n\n\n              <\/div>\n           <\/div><!-- text-box-inner -->\n                            \n<style scope=\"scope\">\n\n#text-box-28219735 {\n  margin: 70px 0px 0px 0px;\n  width: 75%;\n}\n#text-box-28219735 .text-inner {\n  padding: 0px 0px 0px 0px;\n}\n#text-box-28219735 .text {\n  font-size: 100%;\n}\n\n\n@media (min-width:550px) {\n\n  #text-box-28219735 {\n    margin: 0 0px 0px 0px;\n    width: 36%;\n  }\n  #text-box-28219735 .text-inner {\n    padding: 0 0px 0px 0px;\n  }\n\n}\n<\/style>\n    <\/div><!-- text-box -->\n \n\n        <\/div><!-- .banner-layers -->\n      <\/div><!-- .banner-inner -->\n\n            \n<style scope=\"scope\">\n\n#banner-2128786191 {\n  padding-top: 730px;\n  background-color: rgba(255, 255, 255, 0.91);\n}\n\n\n@media (min-width:550px) {\n\n  #banner-2128786191 {\n    padding-top: 550px;\n  }\n\n}\n<\/style>\n  <\/div><!-- .banner -->\n\n\n\n<\/div><\/div>\n\n\n<style scope=\"scope\">\n\n<\/style>\n<\/div>\n\n\t\t<\/div><!-- .section-content -->\n\n\t\t\n<style scope=\"scope\">\n\n#section_93007026 {\n  padding-top: 30px;\n  padding-bottom: 30px;\n}\n#section_93007026 .section-bg-overlay {\n  background-color: rgba(255, 255, 255, 0.24);\n}\n#section_93007026 .section-bg.bg-loaded {\n  background-image: url(https:\/\/nucleoflordavida.com.br\/site\/wp-content\/uploads\/2019\/02\/topo-home2-marca-dagua.jpg);\n}\n#section_93007026 .section-bg {\n  background-position: 26% 58%;\n}\n<\/style>\n\t<\/section>\n\t\n\n\n","protected":false},"excerpt":{"rendered":"","protected":false},"author":3,"featured_media":0,"parent":0,"menu_order":0,"comment_status":"closed","ping_status":"closed","template":"page-transparent-header.php","meta":{"footnotes":""},"class_list":["post-1069","page","type-page","status-publish","hentry"],"_links":{"self":[{"href":"https:\/\/nucleoflordavida.com.br\/site\/wp-json\/wp\/v2\/pages\/1069","targetHints":{"allow":["GET"]}}],"collection":[{"href":"https:\/\/nucleoflordavida.com.br\/site\/wp-json\/wp\/v2\/pages"}],"about":[{"href":"https:\/\/nucleoflordavida.com.br\/site\/wp-json\/wp\/v2\/types\/page"}],"author":[{"embeddable":true,"href":"https:\/\/nucleoflordavida.com.br\/site\/wp-json\/wp\/v2\/users\/3"}],"replies":[{"embeddable":true,"href":"https:\/\/nucleoflordavida.com.br\/site\/wp-json\/wp\/v2\/comments?post=1069"}],"version-history":[{"count":10,"href":"https:\/\/nucleoflordavida.com.br\/site\/wp-json\/wp\/v2\/pages\/1069\/revisions"}],"predecessor-version":[{"id":1454,"href":"https:\/\/nucleoflordavida.com.br\/site\/wp-json\/wp\/v2\/pages\/1069\/revisions\/1454"}],"wp:attachment":[{"href":"https:\/\/nucleoflordavida.com.br\/site\/wp-json\/wp\/v2\/media?parent=1069"}],"curies":[{"name":"wp","href":"https:\/\/api.w.org\/{rel}","templated":true}]}}