{"id":1079,"date":"2021-01-21T09:54:05","date_gmt":"2021-01-21T12:54:05","guid":{"rendered":"http:\/\/nucleoflordavida.com.br\/site\/?page_id=1079"},"modified":"2021-02-05T10:14:48","modified_gmt":"2021-02-05T13:14:48","slug":"encontro-com-mulheres-sabias","status":"publish","type":"page","link":"https:\/\/nucleoflordavida.com.br\/site\/encontro-com-mulheres-sabias\/","title":{"rendered":"Encontro com Mulheres S\u00e1bias"},"content":{"rendered":"\n\n  <div class=\"banner has-hover\" id=\"banner-1858908766\">\n          <div class=\"banner-inner fill\">\n        <div class=\"banner-bg fill\" >\n            <div class=\"bg fill bg-fill \"><\/div>\n                        <div class=\"overlay\"><\/div>            \n                    <\/div><!-- bg-layers -->\n        <div class=\"banner-layers container\">\n            <div class=\"fill banner-link\"><\/div>            \n\n\n        <\/div><!-- .banner-layers -->\n      <\/div><!-- .banner-inner -->\n\n            \n<style scope=\"scope\">\n\n#banner-1858908766 {\n  padding-top: 320px;\n  background-color: rgb(255, 255, 255);\n}\n#banner-1858908766 .bg.bg-loaded {\n  background-image: url(https:\/\/nucleoflordavida.com.br\/site\/wp-content\/uploads\/2021\/02\/bg-geral-azul.jpg);\n}\n#banner-1858908766 .overlay {\n  background-color: rgba(255, 255, 255, 0.06);\n}\n#banner-1858908766 .bg {\n  background-position: 50% 100%;\n}\n<\/style>\n  <\/div><!-- .banner -->\n\n\n<div class=\"row row-small\"  id=\"row-1001328093\">\n\n<div class=\"col small-12 large-12\"  ><div class=\"col-inner\" style=\"background-color:rgb(255, 255, 255);padding:43px 0px 0px 0px;margin:-135px 0px 0px 0px;\" >\n\n<h1 style=\"text-align: center; font-weight: 300;\"><span style=\"font-size: 200%;\">Encontro Com Mulheres S\u00e1bias <\/span><\/h1>\n<p><img loading=\"lazy\" decoding=\"async\" class=\"aligncenter wp-image-333\" src=\"http:\/\/nucleoflordavida.com.br\/site\/wp-content\/uploads\/2021\/02\/cor_dourado_elemento.png\" alt=\"\" width=\"126\" height=\"40\"><\/p>\n<div class=\"row\"  id=\"row-575165922\">\n\n<div class=\"col medium-4 small-12 large-4\"  ><div class=\"col-inner\"  >\n\n\n<\/div><\/div>\n<div class=\"col medium-4 small-12 large-4\"  ><div class=\"col-inner\"  >\n\n\t<div class=\"img has-hover x md-x lg-x y md-y lg-y\" id=\"image_113042362\">\n\t\t\t\t\t\t\t\t<div class=\"img-inner dark\" >\n\t\t\t<img loading=\"lazy\" decoding=\"async\" width=\"480\" height=\"332\" src=\"https:\/\/nucleoflordavida.com.br\/site\/wp-content\/uploads\/2021\/01\/woman.png\" class=\"attachment-large size-large\" alt=\"\" \/>\t\t\t\t\t\t\n\t\t\t\t\t<\/div>\n\t\t\t\t\t\t\t\t\n<style scope=\"scope\">\n\n#image_113042362 {\n  width: 100%;\n}\n<\/style>\n\t<\/div>\n\t\n\n\n<\/div><\/div>\n<div class=\"col medium-4 small-12 large-4\"  ><div class=\"col-inner\"  >\n\n\n<\/div><\/div>\n\n<\/div>\n\n<\/div><\/div>\n\n\n<style scope=\"scope\">\n\n#row-1001328093 > .col > .col-inner {\n  padding: 0px 0 0px 0px;\n}\n<\/style>\n<\/div>\n<div class=\"row\"  id=\"row-906314692\">\n\n<div class=\"col small-12 large-12\"  ><div class=\"col-inner text-center\"  >\n\n<p style=\"color: #8b008b; text-align: justify;\">\u00a0<\/p>\n<p style=\"text-align: justify;\"><span style=\"font-weight: 400;\">Encontro com Mulheres S\u00e1bias \u00e9 um trabalho de c\u00edrculo de mulheres que se encontram na fase do climat\u00e9rio e menopausa, para trocarem experi\u00eancias e ampliarem informa\u00e7\u00f5es e recursos que facilitam a experi\u00eancia deste per\u00edodo t\u00e3o delicado da Vida.<\/span><\/p>\n<p style=\"text-align: justify;\"><strong>Voc\u00ea sente-se diferente?<\/strong><\/p>\n<p style=\"text-align: justify;\"><strong>Tem dores que n\u00e3o tinha antes e fica irritada e sem paci\u00eancia por qualquer coisa?<\/strong><\/p>\n<p style=\"text-align: justify;\"><strong>Tenta uma dieta ou reeduca\u00e7\u00e3o alimentar e n\u00e3o emagrece?<\/strong><\/p>\n<p style=\"text-align: justify;\"><strong>N\u00e3o tem mais disposi\u00e7\u00e3o para fazer atividades f\u00edsicas, \u00e0s vezes sente-se at\u00e9 um pouco depressiva e sem \u00e2nimo e vontade de fazer suas rotinas di\u00e1rias?<\/strong><\/p>\n<p style=\"text-align: justify;\"><strong>Percebe-se a\u00e9rea, inquieta e com dificuldade de tomar decis\u00f5es em rela\u00e7\u00e3o \u00e0 sua vida?<\/strong><\/p>\n<p style=\"text-align: justify;\"><strong>Sua libido diminuiu e n\u00e3o tem mais vontade de transar com seu\/sua companheiro(a), namorado(a)?<\/strong><\/p>\n<p style=\"text-align: justify;\"><span style=\"font-weight: 400;\">A menopausa pode afetar a sa\u00fade, a sexualidade, o humor, a fam\u00edlia e a vitalidade de uma mulher de v\u00e1rias maneiras, principalmente por vivermos em uma sociedade em que envelhecer n\u00e3o \u00e9 bem aceito. Pode tamb\u00e9m transformar-se em um grande mergulho de pot\u00eancia e transforma\u00e7\u00e3o. O Climat\u00e9rio \u00e9 uma fase desafiadora na vida das mulheres e dependendo das escolhas feitas, da forma como esta fase \u00e9 recebida, pode se transformar no per\u00edodo \u00c1ureo da vida de uma mulher ou numa fase de enlutamento onde se depositam perdas e limita\u00e7\u00f5es, que subtraem a gra\u00e7a e o sentido do viver.<\/span><\/p>\n<p style=\"text-align: justify;\"><span style=\"font-weight: 400;\">Nos Encontros com Mulheres S\u00e1bias trazemos um convite para olharmos para a menopausa como um \u201cNovo Alvorecer na vida das Mulheres\u201d Alana Faria.<\/span><\/p>\n<p style=\"text-align: justify;\"><span style=\"font-weight: 400;\">Ao longo de <strong>9 encontros, de 2hs e meia,<\/strong> realizamos um percurso pelas principais quest\u00f5es deste per\u00edodo, abordando os aspectos biol\u00f3gicos, emocionais, sociais e espirituais. Trazemos informa\u00e7\u00f5es em cada uma das \u00e1reas que apontam potencialidades e desafios a serem experimentados e propomos viv\u00eancias que mobilizam as for\u00e7as construtivas do grupo e recursos da personalidade de cada mulher para encontrar a sua melhor vers\u00e3o neste grandioso momento de sua Jornada, para sentir qual o melhor caminho para fazer desabrochar a MULHER livre e inteira que est\u00e1\u00a0 querendo renascer.<\/span><\/p>\n<p style=\"text-align: center;\">\u00a0<\/p>\n<p style=\"text-align: justify;\"><strong><em>Fl\u00e1via Garcia &#8211;\u00a0 Psicoterapeuta e facilitadora de C\u00edrculo de Mulheres<\/em><\/strong><\/p>\n\n<\/div><\/div>\n\n<\/div>\n\t<section class=\"section\" id=\"section_1318558316\">\n\t\t<div class=\"bg section-bg fill bg-fill  \" >\n\n\t\t\t\n\t\t\t<div class=\"section-bg-overlay absolute fill\"><\/div>\n\t\t\t\n\n\t\t<\/div><!-- .section-bg -->\n\n\t\t<div class=\"section-content relative\">\n\t\t\t\n\n<div class=\"row align-equal\"  id=\"row-2097193301\">\n\n<div class=\"col small-12 large-12\"  ><div class=\"col-inner\"  >\n\n<div class=\"gap-element\" style=\"display:block; height:auto; padding-top:35px\" class=\"clearfix\"><\/div>\n\n\n  <div class=\"banner has-hover\" id=\"banner-1427490939\">\n          <div class=\"banner-inner fill\">\n        <div class=\"banner-bg fill\" >\n            <div class=\"bg fill bg-fill \"><\/div>\n                                    \n                    <\/div><!-- bg-layers -->\n        <div class=\"banner-layers container\">\n            <div class=\"fill banner-link\"><\/div>            \n\n   <div id=\"text-box-651006981\" class=\"text-box banner-layer x50 md-x10 lg-x10 y10 md-y15 lg-y15 res-text\">\n                                <div class=\"text \">\n              \n              <div class=\"text-inner text-center\">\n                  \n\n<div class=\"gap-element\" style=\"display:block; height:auto; padding-top:15px\" class=\"clearfix\"><\/div>\n\n<h3 class=\"uppercase\"><span style=\"font-size: 115%;\"><strong>AGENDE <br \/>SEU HOR\u00c1RIO<\/strong><\/span><\/h3>\n<p>Para agendar um hor\u00e1rio, basta ligar para o n\u00famero abaixo ou preencher o formul\u00e1rio ao lado:<\/p>\n<p><span style=\"font-size: 160%;\">Tel: +55 11 4412-1212 <br \/><img decoding=\"async\" src=\"http:\/\/nucleoflordavida.com.br\/site\/wp-content\/uploads\/2020\/11\/icon-whatsApp.png\" style=\"width:30px; margin-top:-6px\">11 99933-1340<\/span><\/p>\n<div class=\"social-icons follow-icons \" style=\"font-size:62%\"><a href=\"https:\/\/www.facebook.com\/sementeflordavida\" target=\"_blank\" data-label=\"Facebook\"  rel=\"noopener noreferrer nofollow\" class=\"icon button circle is-outline facebook tooltip\" title=\"Follow on Facebook\"><i class=\"icon-facebook\" ><\/i><\/a><a href=\"https:\/\/www.instagram.com\/sementeflordavida\/\" target=\"_blank\" rel=\"noopener noreferrer nofollow\" data-label=\"Instagram\" class=\"icon button circle is-outline  instagram tooltip\" title=\"Follow on Instagram\"><i class=\"icon-instagram\" ><\/i><\/a><\/div>\n\n\n              <\/div>\n           <\/div><!-- text-box-inner -->\n                            \n<style scope=\"scope\">\n\n#text-box-651006981 {\n  margin: 0px 0px 0px 0px;\n  width: 69%;\n}\n#text-box-651006981 .text {\n  font-size: 100%;\n}\n\n\n@media (min-width:550px) {\n\n  #text-box-651006981 {\n    width: 38%;\n  }\n\n}\n<\/style>\n    <\/div><!-- text-box -->\n \n   <div id=\"text-box-1568100209\" class=\"text-box banner-layer x50 md-x90 lg-x90 y90 md-y50 lg-y50 res-text\">\n                                <div class=\"text \">\n              \n              <div class=\"text-inner text-left\">\n                  \n\n[contact-form-7 id=\"438\"]\n\n\n              <\/div>\n           <\/div><!-- text-box-inner -->\n                            \n<style scope=\"scope\">\n\n#text-box-1568100209 {\n  margin: 70px 0px 0px 0px;\n  width: 75%;\n}\n#text-box-1568100209 .text-inner {\n  padding: 0px 0px 0px 0px;\n}\n#text-box-1568100209 .text {\n  font-size: 100%;\n}\n\n\n@media (min-width:550px) {\n\n  #text-box-1568100209 {\n    margin: 0 0px 0px 0px;\n    width: 36%;\n  }\n  #text-box-1568100209 .text-inner {\n    padding: 0 0px 0px 0px;\n  }\n\n}\n<\/style>\n    <\/div><!-- text-box -->\n \n\n        <\/div><!-- .banner-layers -->\n      <\/div><!-- .banner-inner -->\n\n            \n<style scope=\"scope\">\n\n#banner-1427490939 {\n  padding-top: 730px;\n  background-color: rgba(255, 255, 255, 0.91);\n}\n\n\n@media (min-width:550px) {\n\n  #banner-1427490939 {\n    padding-top: 550px;\n  }\n\n}\n<\/style>\n  <\/div><!-- .banner -->\n\n\n\n<\/div><\/div>\n\n\n<style scope=\"scope\">\n\n<\/style>\n<\/div>\n\n\t\t<\/div><!-- .section-content -->\n\n\t\t\n<style scope=\"scope\">\n\n#section_1318558316 {\n  padding-top: 30px;\n  padding-bottom: 30px;\n}\n#section_1318558316 .section-bg-overlay {\n  background-color: rgba(255, 255, 255, 0.24);\n}\n#section_1318558316 .section-bg.bg-loaded {\n  background-image: url(https:\/\/nucleoflordavida.com.br\/site\/wp-content\/uploads\/2019\/02\/topo-home2-marca-dagua.jpg);\n}\n#section_1318558316 .section-bg {\n  background-position: 26% 58%;\n}\n<\/style>\n\t<\/section>\n\t\n\n\n","protected":false},"excerpt":{"rendered":"","protected":false},"author":3,"featured_media":0,"parent":0,"menu_order":0,"comment_status":"closed","ping_status":"closed","template":"page-transparent-header.php","meta":{"footnotes":""},"class_list":["post-1079","page","type-page","status-publish","hentry"],"_links":{"self":[{"href":"https:\/\/nucleoflordavida.com.br\/site\/wp-json\/wp\/v2\/pages\/1079","targetHints":{"allow":["GET"]}}],"collection":[{"href":"https:\/\/nucleoflordavida.com.br\/site\/wp-json\/wp\/v2\/pages"}],"about":[{"href":"https:\/\/nucleoflordavida.com.br\/site\/wp-json\/wp\/v2\/types\/page"}],"author":[{"embeddable":true,"href":"https:\/\/nucleoflordavida.com.br\/site\/wp-json\/wp\/v2\/users\/3"}],"replies":[{"embeddable":true,"href":"https:\/\/nucleoflordavida.com.br\/site\/wp-json\/wp\/v2\/comments?post=1079"}],"version-history":[{"count":10,"href":"https:\/\/nucleoflordavida.com.br\/site\/wp-json\/wp\/v2\/pages\/1079\/revisions"}],"predecessor-version":[{"id":1503,"href":"https:\/\/nucleoflordavida.com.br\/site\/wp-json\/wp\/v2\/pages\/1079\/revisions\/1503"}],"wp:attachment":[{"href":"https:\/\/nucleoflordavida.com.br\/site\/wp-json\/wp\/v2\/media?parent=1079"}],"curies":[{"name":"wp","href":"https:\/\/api.w.org\/{rel}","templated":true}]}}