{"id":418,"date":"2019-02-17T16:34:19","date_gmt":"2019-02-17T19:34:19","guid":{"rendered":"http:\/\/nucleoflordavida.com.br\/site\/?page_id=418"},"modified":"2021-02-05T10:11:24","modified_gmt":"2021-02-05T13:11:24","slug":"florais-alquimicos-joel-aleixo","status":"publish","type":"page","link":"https:\/\/nucleoflordavida.com.br\/site\/florais-alquimicos-joel-aleixo\/","title":{"rendered":"Florais Alquimicos Joel Aleixo"},"content":{"rendered":"\n\n  <div class=\"banner has-hover\" id=\"banner-1576167056\">\n          <div class=\"banner-inner fill\">\n        <div class=\"banner-bg fill\" >\n            <div class=\"bg fill bg-fill \"><\/div>\n                        <div class=\"overlay\"><\/div>            \n                    <\/div><!-- bg-layers -->\n        <div class=\"banner-layers container\">\n            <div class=\"fill banner-link\"><\/div>            \n\n\n        <\/div><!-- .banner-layers -->\n      <\/div><!-- .banner-inner -->\n\n            \n<style scope=\"scope\">\n\n#banner-1576167056 {\n  padding-top: 320px;\n  background-color: rgb(255, 255, 255);\n}\n#banner-1576167056 .bg.bg-loaded {\n  background-image: url(https:\/\/nucleoflordavida.com.br\/site\/wp-content\/uploads\/2021\/02\/bg-geral-azul.jpg);\n}\n#banner-1576167056 .overlay {\n  background-color: rgba(255, 255, 255, 0.06);\n}\n#banner-1576167056 .bg {\n  background-position: 47% 100%;\n}\n<\/style>\n  <\/div><!-- .banner -->\n\n\n<div class=\"row row-small\"  id=\"row-1744717209\">\n\n<div class=\"col small-12 large-12\"  ><div class=\"col-inner\" style=\"background-color:rgb(255, 255, 255);padding:43px 0px 0px 0px;margin:-135px 0px 0px 0px;\" >\n\n<h1 style=\"text-align: center; font-weight: 300;\"><span style=\"font-size: 200%;\">Alquimia Contempor\u00e2nea e Florais Joel Aleixo<br \/>\n<\/span><\/h1>\n<p><img loading=\"lazy\" decoding=\"async\" class=\"aligncenter wp-image-333\" src=\"http:\/\/nucleoflordavida.com.br\/site\/wp-content\/uploads\/2021\/02\/cor_dourado_elemento.png\" alt=\"\" width=\"126\" height=\"40\"><\/p>\n<div class=\"row\"  id=\"row-1449076416\">\n\n<div class=\"col medium-4 small-12 large-4\"  ><div class=\"col-inner\"  >\n\n\n<\/div><\/div>\n<div class=\"col medium-4 small-12 large-4\"  ><div class=\"col-inner\"  >\n\n\t<div class=\"img has-hover x md-x lg-x y md-y lg-y\" id=\"image_1385913314\">\n\t\t\t\t\t\t\t\t<div class=\"img-inner dark\" >\n\t\t\t<img loading=\"lazy\" decoding=\"async\" width=\"500\" height=\"276\" src=\"https:\/\/nucleoflordavida.com.br\/site\/wp-content\/uploads\/2019\/03\/florais-alquimicos-thumb.jpg\" class=\"attachment-large size-large\" alt=\"\" \/>\t\t\t\t\t\t\n\t\t\t\t\t<\/div>\n\t\t\t\t\t\t\t\t\n<style scope=\"scope\">\n\n#image_1385913314 {\n  width: 100%;\n}\n<\/style>\n\t<\/div>\n\t\n\n\n<\/div><\/div>\n<div class=\"col medium-4 small-12 large-4\"  ><div class=\"col-inner\"  >\n\n\n<\/div><\/div>\n\n<\/div>\n\n<\/div><\/div>\n\n\n<style scope=\"scope\">\n\n#row-1744717209 > .col > .col-inner {\n  padding: 0px 0 0px 0px;\n}\n<\/style>\n<\/div>\n<div class=\"row\"  id=\"row-889720641\">\n\n<div class=\"col small-12 large-12\"  ><div class=\"col-inner text-center\"  >\n\n<p style=\"text-align: justify;\">O tratamento com os florais alqu\u00edmicos elaborados pelo alquimista Joel Aleixo desenvolve-se como um Caminho de Auto-Conhecimento, Purifica\u00e7\u00e3o e Transforma\u00e7\u00e3o. Busca promover limpeza profunda nas v\u00e1rias dimens\u00f5es do Self: f\u00edsica, emocional, mental, energ\u00e9tica, espiritual, atuando nos focos de toxinas, bloqueios emocionais, padr\u00f5es de comportamento, estrat\u00e9gias mentais repetitivas etc.<\/p>\n<p style=\"text-align: justify;\">A terap\u00eautica segue o entendimento que a Antiga Alquimia prop\u00f5e sobre o desenvolvimento Humano e visa nos conduzir na travessia de um estado de desconex\u00e3o, conflito, confus\u00e3o, des\u00e2nimo e desequil\u00edbrio conhecido como \u201cNigredo\u201d, para um estado de Harmonia e Emancipa\u00e7\u00e3o, que se traduz em bem-estar, auto confian\u00e7a, sentimento de estar profundamente conectado com seu Eu Real, ligado a seu prop\u00f3sito e sentido de Vida, conhecido como \u201cAlbedo\u201d. Ap\u00f3s as limpezas, que s\u00e3o o foco do in\u00edcio do tratamento, segue-se o estudo do mapa natal e suas tend\u00eancias, onde afloram potenciais latentes, adormecidos e o alinhamento com o Prop\u00f3sito de Vida, colocando-nos no Caminho da nossa predestina\u00e7\u00e3o.<\/p>\n\n<\/div><\/div>\n\n<\/div>\n<div class=\"row\"  id=\"row-1568407307\">\n\n<div class=\"col medium-3 small-6 large-3\"  ><div class=\"col-inner\"  >\n\n\t<div class=\"img has-hover x md-x lg-x y md-y lg-y\" id=\"image_881497607\">\n\t\t<a class=\"image-lightbox lightbox-gallery\" href=\"https:\/\/nucleoflordavida.com.br\/site\/wp-content\/uploads\/2021\/01\/Sprays_Ambientais_LP-510x510.png\" title=\"\">\t\t\t\t\t\t<div class=\"img-inner image-cover dark\" style=\"padding-top:223px;\">\n\t\t\t<img loading=\"lazy\" decoding=\"async\" width=\"510\" height=\"510\" src=\"https:\/\/nucleoflordavida.com.br\/site\/wp-content\/uploads\/2021\/01\/Sprays_Ambientais_LP-510x510.png\" class=\"attachment-large size-large\" alt=\"\" srcset=\"https:\/\/nucleoflordavida.com.br\/site\/wp-content\/uploads\/2021\/01\/Sprays_Ambientais_LP-510x510.png 510w, https:\/\/nucleoflordavida.com.br\/site\/wp-content\/uploads\/2021\/01\/Sprays_Ambientais_LP-510x510-280x280.png 280w, https:\/\/nucleoflordavida.com.br\/site\/wp-content\/uploads\/2021\/01\/Sprays_Ambientais_LP-510x510-400x400.png 400w, https:\/\/nucleoflordavida.com.br\/site\/wp-content\/uploads\/2021\/01\/Sprays_Ambientais_LP-510x510-300x300.png 300w, https:\/\/nucleoflordavida.com.br\/site\/wp-content\/uploads\/2021\/01\/Sprays_Ambientais_LP-510x510-100x100.png 100w\" sizes=\"auto, (max-width: 510px) 100vw, 510px\" \/>\t\t\t\t\t\t\n\t\t\t\t\t<\/div>\n\t\t\t\t\t\t<\/a>\t\t\n<style scope=\"scope\">\n\n#image_881497607 {\n  width: 100%;\n}\n<\/style>\n\t<\/div>\n\t\n\n\n<\/div><\/div>\n<div class=\"col medium-3 small-6 large-3\"  ><div class=\"col-inner\"  >\n\n\t<div class=\"img has-hover x md-x lg-x y md-y lg-y\" id=\"image_902194946\">\n\t\t<a class=\"image-lightbox lightbox-gallery\" href=\"https:\/\/nucleoflordavida.com.br\/site\/wp-content\/uploads\/2021\/02\/alegria.png\" title=\"\">\t\t\t\t\t\t<div class=\"img-inner image-cover dark\" style=\"padding-top:223px;\">\n\t\t\t<img loading=\"lazy\" decoding=\"async\" width=\"395\" height=\"392\" src=\"https:\/\/nucleoflordavida.com.br\/site\/wp-content\/uploads\/2021\/02\/alegria.png\" class=\"attachment-large size-large\" alt=\"\" srcset=\"https:\/\/nucleoflordavida.com.br\/site\/wp-content\/uploads\/2021\/02\/alegria.png 395w, https:\/\/nucleoflordavida.com.br\/site\/wp-content\/uploads\/2021\/02\/alegria-100x100.png 100w\" sizes=\"auto, (max-width: 395px) 100vw, 395px\" \/>\t\t\t\t\t\t\n\t\t\t\t\t<\/div>\n\t\t\t\t\t\t<\/a>\t\t\n<style scope=\"scope\">\n\n#image_902194946 {\n  width: 100%;\n}\n<\/style>\n\t<\/div>\n\t\n\n\n<\/div><\/div>\n<div class=\"col medium-3 small-6 large-3\"  ><div class=\"col-inner\"  >\n\n\t<div class=\"img has-hover x md-x lg-x y md-y lg-y\" id=\"image_588561123\">\n\t\t<a class=\"image-lightbox lightbox-gallery\" href=\"https:\/\/nucleoflordavida.com.br\/site\/wp-content\/uploads\/2021\/02\/Concentra\u00e7\u00e3o_Tampa-preta_Fundo-Transparente.png\" title=\"\">\t\t\t\t\t\t<div class=\"img-inner image-cover dark\" style=\"padding-top:223px;\">\n\t\t\t<img loading=\"lazy\" decoding=\"async\" width=\"600\" height=\"600\" src=\"https:\/\/nucleoflordavida.com.br\/site\/wp-content\/uploads\/2021\/02\/Concentra\u00e7\u00e3o_Tampa-preta_Fundo-Transparente.png\" class=\"attachment-large size-large\" alt=\"\" srcset=\"https:\/\/nucleoflordavida.com.br\/site\/wp-content\/uploads\/2021\/02\/Concentra\u00e7\u00e3o_Tampa-preta_Fundo-Transparente.png 600w, https:\/\/nucleoflordavida.com.br\/site\/wp-content\/uploads\/2021\/02\/Concentra\u00e7\u00e3o_Tampa-preta_Fundo-Transparente-280x280.png 280w, https:\/\/nucleoflordavida.com.br\/site\/wp-content\/uploads\/2021\/02\/Concentra\u00e7\u00e3o_Tampa-preta_Fundo-Transparente-400x400.png 400w, https:\/\/nucleoflordavida.com.br\/site\/wp-content\/uploads\/2021\/02\/Concentra\u00e7\u00e3o_Tampa-preta_Fundo-Transparente-300x300.png 300w, https:\/\/nucleoflordavida.com.br\/site\/wp-content\/uploads\/2021\/02\/Concentra\u00e7\u00e3o_Tampa-preta_Fundo-Transparente-100x100.png 100w\" sizes=\"auto, (max-width: 600px) 100vw, 600px\" \/>\t\t\t\t\t\t\n\t\t\t\t\t<\/div>\n\t\t\t\t\t\t<\/a>\t\t\n<style scope=\"scope\">\n\n#image_588561123 {\n  width: 100%;\n}\n<\/style>\n\t<\/div>\n\t\n\n\n<\/div><\/div>\n<div class=\"col medium-3 small-6 large-3\"  ><div class=\"col-inner\"  >\n\n\t<div class=\"img has-hover x md-x lg-x y md-y lg-y\" id=\"image_1602576990\">\n\t\t<a class=\"image-lightbox lightbox-gallery\" href=\"https:\/\/nucleoflordavida.com.br\/site\/wp-content\/uploads\/2021\/01\/BioTesla-510x510.png\" title=\"\">\t\t\t\t\t\t<div class=\"img-inner image-cover dark\" style=\"padding-top:223px;\">\n\t\t\t<img loading=\"lazy\" decoding=\"async\" width=\"510\" height=\"510\" src=\"https:\/\/nucleoflordavida.com.br\/site\/wp-content\/uploads\/2021\/01\/BioTesla-510x510.png\" class=\"attachment-large size-large\" alt=\"\" srcset=\"https:\/\/nucleoflordavida.com.br\/site\/wp-content\/uploads\/2021\/01\/BioTesla-510x510.png 510w, https:\/\/nucleoflordavida.com.br\/site\/wp-content\/uploads\/2021\/01\/BioTesla-510x510-280x280.png 280w, https:\/\/nucleoflordavida.com.br\/site\/wp-content\/uploads\/2021\/01\/BioTesla-510x510-400x400.png 400w, https:\/\/nucleoflordavida.com.br\/site\/wp-content\/uploads\/2021\/01\/BioTesla-510x510-300x300.png 300w, https:\/\/nucleoflordavida.com.br\/site\/wp-content\/uploads\/2021\/01\/BioTesla-510x510-100x100.png 100w\" sizes=\"auto, (max-width: 510px) 100vw, 510px\" \/>\t\t\t\t\t\t\n\t\t\t\t\t<\/div>\n\t\t\t\t\t\t<\/a>\t\t\n<style scope=\"scope\">\n\n#image_1602576990 {\n  width: 100%;\n}\n<\/style>\n\t<\/div>\n\t\n\n\n<\/div><\/div>\n\n<\/div>\n<div class=\"row\"  id=\"row-1305799644\">\n\n<div class=\"col small-12 large-12\"  ><div class=\"col-inner text-center\"  >\n\n<p>Caso queira voc\u00ea poder\u00e1 obter informa\u00e7\u00f5es mais detalhadas sobre estes florais no site <a href=\"https:\/\/alkhemylab.com\/loja\" target=\"_blank\" rel=\"noopener\">https:\/\/alkhemylab.com\/\/loja\/<\/a><\/p>\n<p>A frequ\u00eancia das consultas \u00e9 mensal, per\u00edodo que corresponde \u00e0 dura\u00e7\u00e3o de cada f\u00f3rmula prescrita.<\/p>\n\n<\/div><\/div>\n\n<\/div>\n<div class=\"gap-element\" style=\"display:block; height:auto; padding-top:60px\" class=\"clearfix\"><\/div>\n\n<h1 style=\"text-align: center; font-weight: 300;\"><span style=\"font-size: 200%;\">Mapa Alqu\u00edmico<\/span><\/h1>\n<p style=\"text-align: center; color: #8B008B \"><b>VOC\u00ca J\u00c1 FEZ O SEU MAPA ASTRAL?<\/b><\/p>\n<p style=\"text-align: center;\"><b> <\/b><span style=\"font-weight: 400;\">Ele \u00e9 a &#8220;foto&#8221; de como estava o alinhamento dos planetas quando voc\u00ea nasceu e com ele \u00e9 poss\u00edvel conhecer um pouco mais sobre os seus desafios. Saber dos desafios do mapa pode ser interessante, mas tamb\u00e9m pode ser frustrante sem obter maneiras pr\u00e1ticas de desbloque\u00e1-los, certo? A Alquimia pode te ajudar com o Mapa Alqu\u00edmico, que engloba Astrologia Cl\u00e1ssica e Alquimia, lhe mostrando quais pontos podem ser melhorados de forma pr\u00e1tica e eficaz.<\/span><\/p><\/p>\n<div class=\"row\"  id=\"row-917662351\">\n\n<div class=\"col medium-4 small-12 large-4\"  ><div class=\"col-inner\"  >\n\n\n<\/div><\/div>\n<div class=\"col medium-4 small-12 large-4\"  ><div class=\"col-inner\" style=\"padding:28px 0px 0px 0px;\" >\n\n<a href=\"https:\/\/api.whatsapp.com\/send?phone=5511999331340\" target=\"_self\" class=\"button primary expand\"  style=\"border-radius:99px;\">\n    <span>fale conosco<\/span>\n  <\/a>\n\n\n\n<\/div><\/div>\n<div class=\"col medium-4 small-12 large-4\"  ><div class=\"col-inner\"  >\n\n\n<\/div><\/div>\n\n<\/div>\n\t<section class=\"section\" id=\"section_670110862\">\n\t\t<div class=\"bg section-bg fill bg-fill  \" >\n\n\t\t\t\n\t\t\t<div class=\"section-bg-overlay absolute fill\"><\/div>\n\t\t\t\n\n\t\t<\/div><!-- .section-bg -->\n\n\t\t<div class=\"section-content relative\">\n\t\t\t\n\n<div class=\"row align-equal\"  id=\"row-1401185114\">\n\n<div class=\"col small-12 large-12\"  ><div class=\"col-inner\"  >\n\n<div class=\"gap-element\" style=\"display:block; height:auto; padding-top:35px\" class=\"clearfix\"><\/div>\n\n\n  <div class=\"banner has-hover\" id=\"banner-1060369528\">\n          <div class=\"banner-inner fill\">\n        <div class=\"banner-bg fill\" >\n            <div class=\"bg fill bg-fill \"><\/div>\n                                    \n                    <\/div><!-- bg-layers -->\n        <div class=\"banner-layers container\">\n            <div class=\"fill banner-link\"><\/div>            \n\n   <div id=\"text-box-758864450\" class=\"text-box banner-layer x50 md-x10 lg-x10 y10 md-y15 lg-y15 res-text\">\n                                <div class=\"text \">\n              \n              <div class=\"text-inner text-center\">\n                  \n\n<div class=\"gap-element\" style=\"display:block; height:auto; padding-top:15px\" class=\"clearfix\"><\/div>\n\n<h3 class=\"uppercase\"><span style=\"font-size: 115%;\"><strong>AGENDE <br \/>SEU HOR\u00c1RIO<\/strong><\/span><\/h3>\n<p>Para agendar um hor\u00e1rio, basta ligar para o n\u00famero abaixo ou preencher o formul\u00e1rio ao lado:<\/p>\n<p><span style=\"font-size: 160%;\">Tel: +55 11 4412-1212 <br \/><img decoding=\"async\" src=\"http:\/\/nucleoflordavida.com.br\/site\/wp-content\/uploads\/2020\/11\/icon-whatsApp.png\" style=\"width:30px; margin-top:-6px\">11 99933-1340<\/span><\/p>\n<div class=\"social-icons follow-icons \" style=\"font-size:62%\"><a href=\"https:\/\/www.facebook.com\/sementeflordavida\" target=\"_blank\" data-label=\"Facebook\"  rel=\"noopener noreferrer nofollow\" class=\"icon button circle is-outline facebook tooltip\" title=\"Follow on Facebook\"><i class=\"icon-facebook\" ><\/i><\/a><a href=\"https:\/\/www.instagram.com\/sementeflordavida\/\" target=\"_blank\" rel=\"noopener noreferrer nofollow\" data-label=\"Instagram\" class=\"icon button circle is-outline  instagram tooltip\" title=\"Follow on Instagram\"><i class=\"icon-instagram\" ><\/i><\/a><\/div>\n\n\n              <\/div>\n           <\/div><!-- text-box-inner -->\n                            \n<style scope=\"scope\">\n\n#text-box-758864450 {\n  margin: 0px 0px 0px 0px;\n  width: 69%;\n}\n#text-box-758864450 .text {\n  font-size: 100%;\n}\n\n\n@media (min-width:550px) {\n\n  #text-box-758864450 {\n    width: 38%;\n  }\n\n}\n<\/style>\n    <\/div><!-- text-box -->\n \n   <div id=\"text-box-956214769\" class=\"text-box banner-layer x50 md-x90 lg-x90 y90 md-y50 lg-y50 res-text\">\n                                <div class=\"text \">\n              \n              <div class=\"text-inner text-left\">\n                  \n\n[contact-form-7 id=\"438\"]\n\n\n              <\/div>\n           <\/div><!-- text-box-inner -->\n                            \n<style scope=\"scope\">\n\n#text-box-956214769 {\n  margin: 70px 0px 0px 0px;\n  width: 75%;\n}\n#text-box-956214769 .text-inner {\n  padding: 0px 0px 0px 0px;\n}\n#text-box-956214769 .text {\n  font-size: 100%;\n}\n\n\n@media (min-width:550px) {\n\n  #text-box-956214769 {\n    margin: 0 0px 0px 0px;\n    width: 36%;\n  }\n  #text-box-956214769 .text-inner {\n    padding: 0 0px 0px 0px;\n  }\n\n}\n<\/style>\n    <\/div><!-- text-box -->\n \n\n        <\/div><!-- .banner-layers -->\n      <\/div><!-- .banner-inner -->\n\n            \n<style scope=\"scope\">\n\n#banner-1060369528 {\n  padding-top: 730px;\n  background-color: rgba(255, 255, 255, 0.91);\n}\n\n\n@media (min-width:550px) {\n\n  #banner-1060369528 {\n    padding-top: 550px;\n  }\n\n}\n<\/style>\n  <\/div><!-- .banner -->\n\n\n\n<\/div><\/div>\n\n\n<style scope=\"scope\">\n\n<\/style>\n<\/div>\n\n\t\t<\/div><!-- .section-content -->\n\n\t\t\n<style scope=\"scope\">\n\n#section_670110862 {\n  padding-top: 30px;\n  padding-bottom: 30px;\n}\n#section_670110862 .section-bg-overlay {\n  background-color: rgba(255, 255, 255, 0.24);\n}\n#section_670110862 .section-bg.bg-loaded {\n  background-image: url(https:\/\/nucleoflordavida.com.br\/site\/wp-content\/uploads\/2019\/02\/topo-home2-marca-dagua.jpg);\n}\n#section_670110862 .section-bg {\n  background-position: 26% 58%;\n}\n<\/style>\n\t<\/section>\n\t\n\n\n","protected":false},"excerpt":{"rendered":"<p>Mapa Alqu\u00edmico VOC\u00ca J\u00c1 FEZ O SEU MAPA ASTRAL? Ele \u00e9 a &#8220;foto&#8221; de como estava o alinhamento dos planetas quando voc\u00ea nasceu e com ele \u00e9 poss\u00edvel conhecer um pouco mais sobre os seus desafios. Saber dos desafios do mapa pode ser interessante, mas tamb\u00e9m pode ser frustrante sem obter maneiras pr\u00e1ticas de desbloque\u00e1-los, [&#8230;]\n","protected":false},"author":1,"featured_media":0,"parent":0,"menu_order":0,"comment_status":"closed","ping_status":"closed","template":"page-transparent-header.php","meta":{"footnotes":""},"class_list":["post-418","page","type-page","status-publish","hentry"],"_links":{"self":[{"href":"https:\/\/nucleoflordavida.com.br\/site\/wp-json\/wp\/v2\/pages\/418","targetHints":{"allow":["GET"]}}],"collection":[{"href":"https:\/\/nucleoflordavida.com.br\/site\/wp-json\/wp\/v2\/pages"}],"about":[{"href":"https:\/\/nucleoflordavida.com.br\/site\/wp-json\/wp\/v2\/types\/page"}],"author":[{"embeddable":true,"href":"https:\/\/nucleoflordavida.com.br\/site\/wp-json\/wp\/v2\/users\/1"}],"replies":[{"embeddable":true,"href":"https:\/\/nucleoflordavida.com.br\/site\/wp-json\/wp\/v2\/comments?post=418"}],"version-history":[{"count":40,"href":"https:\/\/nucleoflordavida.com.br\/site\/wp-json\/wp\/v2\/pages\/418\/revisions"}],"predecessor-version":[{"id":1498,"href":"https:\/\/nucleoflordavida.com.br\/site\/wp-json\/wp\/v2\/pages\/418\/revisions\/1498"}],"wp:attachment":[{"href":"https:\/\/nucleoflordavida.com.br\/site\/wp-json\/wp\/v2\/media?parent=418"}],"curies":[{"name":"wp","href":"https:\/\/api.w.org\/{rel}","templated":true}]}}