{"id":473,"date":"2019-02-17T20:23:58","date_gmt":"2019-02-17T23:23:58","guid":{"rendered":"http:\/\/nucleoflordavida.com.br\/site\/?page_id=473"},"modified":"2021-02-05T10:12:28","modified_gmt":"2021-02-05T13:12:28","slug":"medicina-tradicional-chinesa","status":"publish","type":"page","link":"https:\/\/nucleoflordavida.com.br\/site\/medicina-tradicional-chinesa\/","title":{"rendered":"Medicina Tradicional Chinesa"},"content":{"rendered":"\n\n  <div class=\"banner has-hover\" id=\"banner-1064020605\">\n          <div class=\"banner-inner fill\">\n        <div class=\"banner-bg fill\" >\n            <div class=\"bg fill bg-fill \"><\/div>\n                        <div class=\"overlay\"><\/div>            \n                    <\/div><!-- bg-layers -->\n        <div class=\"banner-layers container\">\n            <div class=\"fill banner-link\"><\/div>            \n\n\n        <\/div><!-- .banner-layers -->\n      <\/div><!-- .banner-inner -->\n\n            \n<style scope=\"scope\">\n\n#banner-1064020605 {\n  padding-top: 320px;\n  background-color: rgb(255, 255, 255);\n}\n#banner-1064020605 .bg.bg-loaded {\n  background-image: url(https:\/\/nucleoflordavida.com.br\/site\/wp-content\/uploads\/2021\/02\/bg-geral-azul.jpg);\n}\n#banner-1064020605 .overlay {\n  background-color: rgba(255, 255, 255, 0.06);\n}\n#banner-1064020605 .bg {\n  background-position: 59% 100%;\n}\n<\/style>\n  <\/div><!-- .banner -->\n\n\n<div class=\"row row-small\"  id=\"row-1788205283\">\n\n<div class=\"col small-12 large-12\"  ><div class=\"col-inner\" style=\"background-color:rgb(255, 255, 255);padding:43px 0px 0px 0px;margin:-135px 0px 0px 0px;\" >\n\n<h1 style=\"text-align: center; font-weight: 300;\"><span style=\"font-size: 200%;\">Medicina Tradicional Chinesa<\/span><\/h1>\n<p><img loading=\"lazy\" decoding=\"async\" class=\"aligncenter wp-image-333\" src=\"http:\/\/nucleoflordavida.com.br\/site\/wp-content\/uploads\/2021\/02\/cor_dourado_elemento.png\" alt=\"\" width=\"126\" height=\"40\"><\/p>\n<div class=\"row\"  id=\"row-16230396\">\n\n<div class=\"col medium-4 small-12 large-4\"  ><div class=\"col-inner\"  >\n\n\n<\/div><\/div>\n<div class=\"col medium-4 small-12 large-4\"  ><div class=\"col-inner\"  >\n\n\t<div class=\"img has-hover x md-x lg-x y md-y lg-y\" id=\"image_1697590944\">\n\t\t\t\t\t\t\t\t<div class=\"img-inner dark\" >\n\t\t\t<img loading=\"lazy\" decoding=\"async\" width=\"1020\" height=\"574\" src=\"https:\/\/nucleoflordavida.com.br\/site\/wp-content\/uploads\/2021\/01\/acupuntura-para-tratamento-de-coluna-1280x720.jpg\" class=\"attachment-large size-large\" alt=\"\" srcset=\"https:\/\/nucleoflordavida.com.br\/site\/wp-content\/uploads\/2021\/01\/acupuntura-para-tratamento-de-coluna-1280x720.jpg 1280w, https:\/\/nucleoflordavida.com.br\/site\/wp-content\/uploads\/2021\/01\/acupuntura-para-tratamento-de-coluna-1280x720-711x400.jpg 711w, https:\/\/nucleoflordavida.com.br\/site\/wp-content\/uploads\/2021\/01\/acupuntura-para-tratamento-de-coluna-1280x720-768x432.jpg 768w, https:\/\/nucleoflordavida.com.br\/site\/wp-content\/uploads\/2021\/01\/acupuntura-para-tratamento-de-coluna-1280x720-600x338.jpg 600w\" sizes=\"auto, (max-width: 1020px) 100vw, 1020px\" \/>\t\t\t\t\t\t\n\t\t\t\t\t<\/div>\n\t\t\t\t\t\t\t\t\n<style scope=\"scope\">\n\n#image_1697590944 {\n  width: 100%;\n}\n<\/style>\n\t<\/div>\n\t\n\n\n<\/div><\/div>\n<div class=\"col medium-4 small-12 large-4\"  ><div class=\"col-inner\"  >\n\n\n<\/div><\/div>\n\n<\/div>\n\n<\/div><\/div>\n\n\n<style scope=\"scope\">\n\n#row-1788205283 > .col > .col-inner {\n  padding: 0px 0 0px 0px;\n}\n<\/style>\n<\/div>\n<div class=\"row\"  id=\"row-1996079640\">\n\n<div class=\"col small-12 large-12\"  ><div class=\"col-inner text-center\"  >\n\n<p style=\"text-align: justify;\">A Medicina Milenar Chinesa abrange diversas terapias, como Acupuntura, Acupuntura Digital, Trigramas Chineses, Moxabustao, Fitoterapia, Tui-N\u00e1, Ventosa Terapia, Gua-S\u00e1, Dietoterapia, Qi Gong, Medita\u00e7\u00e3o e Liang Gong.<\/p>\n<p style=\"text-align: justify;\">E as artes marciais internas: Tai Chi Chuan Baguazhang e I Chuan.<\/p>\n<p style=\"text-align: justify;\">A OMS Organiza\u00e7\u00e3o Mundial de Sa\u00fade recomenda a acupuntura como m\u00e9todo de tratamento para mais de oitenta (80) tipos de doen\u00e7as.<\/p>\n<p style=\"text-align: justify;\">A Medicina Chinesa atua nas doen\u00e7as respirat\u00f3rias, cardiovasculares, circulat\u00f3rias, do sistema digestivo, locomotor, doen\u00e7as auto imunes, AVC, paralisia facial, cefal\u00e9ia, enxaqueca, infertilidade, sintomas da menopausa, doen\u00e7as ginecol\u00f3gicas, doen\u00e7as do sistema end\u00f3crino, depress\u00e3o, s\u00edndrome do p\u00e2nico, dores p\u00f3s-operat\u00f3ria e outras.<\/p>\n\n<\/div><\/div>\n\n<\/div>\n<div class=\"row\"  id=\"row-60324578\">\n\n<div class=\"col medium-3 small-6 large-3\"  ><div class=\"col-inner\"  >\n\n\t<div class=\"img has-hover x md-x lg-x y md-y lg-y\" id=\"image_1885422258\">\n\t\t<a class=\"image-lightbox lightbox-gallery\" href=\"https:\/\/nucleoflordavida.com.br\/site\/wp-content\/uploads\/2019\/02\/mtc-01-acupuntura.jpg\" title=\"\">\t\t\t\t\t\t<div class=\"img-inner image-cover dark\" style=\"padding-top:175px;\">\n\t\t\t<img loading=\"lazy\" decoding=\"async\" width=\"775\" height=\"477\" src=\"https:\/\/nucleoflordavida.com.br\/site\/wp-content\/uploads\/2019\/02\/mtc-01-acupuntura.jpg\" class=\"attachment-large size-large\" alt=\"\" srcset=\"https:\/\/nucleoflordavida.com.br\/site\/wp-content\/uploads\/2019\/02\/mtc-01-acupuntura.jpg 775w, https:\/\/nucleoflordavida.com.br\/site\/wp-content\/uploads\/2019\/02\/mtc-01-acupuntura-650x400.jpg 650w, https:\/\/nucleoflordavida.com.br\/site\/wp-content\/uploads\/2019\/02\/mtc-01-acupuntura-768x473.jpg 768w, https:\/\/nucleoflordavida.com.br\/site\/wp-content\/uploads\/2019\/02\/mtc-01-acupuntura-600x369.jpg 600w\" sizes=\"auto, (max-width: 775px) 100vw, 775px\" \/>\t\t\t\t\t\t\n\t\t\t\t\t<\/div>\n\t\t\t\t\t\t<\/a>\t\t\n<style scope=\"scope\">\n\n#image_1885422258 {\n  width: 100%;\n}\n<\/style>\n\t<\/div>\n\t\n\n<p style=\"text-align: center;\">Acupuntura<\/p>\n\n<\/div><\/div>\n<div class=\"col medium-3 small-6 large-3\"  ><div class=\"col-inner\"  >\n\n\t<div class=\"img has-hover x md-x lg-x y md-y lg-y\" id=\"image_260127080\">\n\t\t<a class=\"image-lightbox lightbox-gallery\" href=\"https:\/\/nucleoflordavida.com.br\/site\/wp-content\/uploads\/2019\/02\/mtc-02-moxa.jpg\" title=\"\">\t\t\t\t\t\t<div class=\"img-inner image-cover dark\" style=\"padding-top:175px;\">\n\t\t\t<img loading=\"lazy\" decoding=\"async\" width=\"900\" height=\"521\" src=\"https:\/\/nucleoflordavida.com.br\/site\/wp-content\/uploads\/2019\/02\/mtc-02-moxa.jpg\" class=\"attachment-large size-large\" alt=\"\" srcset=\"https:\/\/nucleoflordavida.com.br\/site\/wp-content\/uploads\/2019\/02\/mtc-02-moxa.jpg 900w, https:\/\/nucleoflordavida.com.br\/site\/wp-content\/uploads\/2019\/02\/mtc-02-moxa-691x400.jpg 691w, https:\/\/nucleoflordavida.com.br\/site\/wp-content\/uploads\/2019\/02\/mtc-02-moxa-768x445.jpg 768w, https:\/\/nucleoflordavida.com.br\/site\/wp-content\/uploads\/2019\/02\/mtc-02-moxa-600x347.jpg 600w\" sizes=\"auto, (max-width: 900px) 100vw, 900px\" \/>\t\t\t\t\t\t\n\t\t\t\t\t<\/div>\n\t\t\t\t\t\t<\/a>\t\t\n<style scope=\"scope\">\n\n#image_260127080 {\n  width: 100%;\n}\n<\/style>\n\t<\/div>\n\t\n\n<p style=\"text-align: center;\">Moxabust\u00e3o<\/p>\n\n<\/div><\/div>\n<div class=\"col medium-3 small-6 large-3\"  ><div class=\"col-inner\"  >\n\n\t<div class=\"img has-hover x md-x lg-x y md-y lg-y\" id=\"image_196124865\">\n\t\t<a class=\"image-lightbox lightbox-gallery\" href=\"https:\/\/nucleoflordavida.com.br\/site\/wp-content\/uploads\/2019\/02\/mtc-03-fitoterapia.jpg\" title=\"\">\t\t\t\t\t\t<div class=\"img-inner image-cover dark\" style=\"padding-top:175px;\">\n\t\t\t<img loading=\"lazy\" decoding=\"async\" width=\"810\" height=\"540\" src=\"https:\/\/nucleoflordavida.com.br\/site\/wp-content\/uploads\/2019\/02\/mtc-03-fitoterapia.jpg\" class=\"attachment-large size-large\" alt=\"\" srcset=\"https:\/\/nucleoflordavida.com.br\/site\/wp-content\/uploads\/2019\/02\/mtc-03-fitoterapia.jpg 810w, https:\/\/nucleoflordavida.com.br\/site\/wp-content\/uploads\/2019\/02\/mtc-03-fitoterapia-600x400.jpg 600w, https:\/\/nucleoflordavida.com.br\/site\/wp-content\/uploads\/2019\/02\/mtc-03-fitoterapia-768x512.jpg 768w\" sizes=\"auto, (max-width: 810px) 100vw, 810px\" \/>\t\t\t\t\t\t\n\t\t\t\t\t<\/div>\n\t\t\t\t\t\t<\/a>\t\t\n<style scope=\"scope\">\n\n#image_196124865 {\n  width: 100%;\n}\n<\/style>\n\t<\/div>\n\t\n\n<p style=\"text-align: center;\"><span style=\"font-weight: 400;\">Fitoterapia<\/span><\/p>\n\n<\/div><\/div>\n<div class=\"col medium-3 small-6 large-3\"  ><div class=\"col-inner\"  >\n\n\t<div class=\"img has-hover x md-x lg-x y md-y lg-y\" id=\"image_1832799525\">\n\t\t<a class=\"image-lightbox lightbox-gallery\" href=\"https:\/\/nucleoflordavida.com.br\/site\/wp-content\/uploads\/2019\/02\/mtc-04-tuina.jpg\" title=\"\">\t\t\t\t\t\t<div class=\"img-inner image-cover dark\" style=\"padding-top:175px;\">\n\t\t\t<img loading=\"lazy\" decoding=\"async\" width=\"832\" height=\"578\" src=\"https:\/\/nucleoflordavida.com.br\/site\/wp-content\/uploads\/2019\/02\/mtc-04-tuina.jpg\" class=\"attachment-large size-large\" alt=\"\" srcset=\"https:\/\/nucleoflordavida.com.br\/site\/wp-content\/uploads\/2019\/02\/mtc-04-tuina.jpg 832w, https:\/\/nucleoflordavida.com.br\/site\/wp-content\/uploads\/2019\/02\/mtc-04-tuina-576x400.jpg 576w, https:\/\/nucleoflordavida.com.br\/site\/wp-content\/uploads\/2019\/02\/mtc-04-tuina-768x534.jpg 768w, https:\/\/nucleoflordavida.com.br\/site\/wp-content\/uploads\/2019\/02\/mtc-04-tuina-600x417.jpg 600w\" sizes=\"auto, (max-width: 832px) 100vw, 832px\" \/>\t\t\t\t\t\t\n\t\t\t\t\t<\/div>\n\t\t\t\t\t\t<\/a>\t\t\n<style scope=\"scope\">\n\n#image_1832799525 {\n  width: 100%;\n}\n<\/style>\n\t<\/div>\n\t\n\n<p style=\"text-align: center;\"><span style=\"font-weight: 400;\">Tui-N\u00e1<\/span><\/p>\n\n<\/div><\/div>\n\n<\/div>\n<div class=\"row align-center\"  id=\"row-1248353810\">\n\n<div class=\"col medium-3 small-6 large-3\"  ><div class=\"col-inner\"  >\n\n\t<div class=\"img has-hover x md-x lg-x y md-y lg-y\" id=\"image_239073699\">\n\t\t<a class=\"image-lightbox lightbox-gallery\" href=\"https:\/\/nucleoflordavida.com.br\/site\/wp-content\/uploads\/2019\/02\/mtc-05-ventosa.jpg\" title=\"\">\t\t\t\t\t\t<div class=\"img-inner image-cover dark\" style=\"padding-top:175px;\">\n\t\t\t<img loading=\"lazy\" decoding=\"async\" width=\"638\" height=\"440\" src=\"https:\/\/nucleoflordavida.com.br\/site\/wp-content\/uploads\/2019\/02\/mtc-05-ventosa.jpg\" class=\"attachment-large size-large\" alt=\"\" srcset=\"https:\/\/nucleoflordavida.com.br\/site\/wp-content\/uploads\/2019\/02\/mtc-05-ventosa.jpg 638w, https:\/\/nucleoflordavida.com.br\/site\/wp-content\/uploads\/2019\/02\/mtc-05-ventosa-580x400.jpg 580w, https:\/\/nucleoflordavida.com.br\/site\/wp-content\/uploads\/2019\/02\/mtc-05-ventosa-600x414.jpg 600w\" sizes=\"auto, (max-width: 638px) 100vw, 638px\" \/>\t\t\t\t\t\t\n\t\t\t\t\t<\/div>\n\t\t\t\t\t\t<\/a>\t\t\n<style scope=\"scope\">\n\n#image_239073699 {\n  width: 100%;\n}\n<\/style>\n\t<\/div>\n\t\n\n<p style=\"text-align: center;\"><span style=\"font-weight: 400;\">Ventosa terapia<\/span><\/p>\n\n<\/div><\/div>\n<div class=\"col medium-3 small-6 large-3\"  ><div class=\"col-inner\"  >\n\n\t<div class=\"img has-hover x md-x lg-x y md-y lg-y\" id=\"image_1398024054\">\n\t\t<a class=\"image-lightbox lightbox-gallery\" href=\"https:\/\/nucleoflordavida.com.br\/site\/wp-content\/uploads\/2019\/02\/mtc-06-guasa.jpg\" title=\"\">\t\t\t\t\t\t<div class=\"img-inner image-cover dark\" style=\"padding-top:175px;\">\n\t\t\t<img loading=\"lazy\" decoding=\"async\" width=\"600\" height=\"399\" src=\"https:\/\/nucleoflordavida.com.br\/site\/wp-content\/uploads\/2019\/02\/mtc-06-guasa.jpg\" class=\"attachment-large size-large\" alt=\"\" \/>\t\t\t\t\t\t\n\t\t\t\t\t<\/div>\n\t\t\t\t\t\t<\/a>\t\t\n<style scope=\"scope\">\n\n#image_1398024054 {\n  width: 100%;\n}\n<\/style>\n\t<\/div>\n\t\n\n<p style=\"text-align: center;\"><span style=\"font-weight: 400;\">Gua-S\u00e1<\/span><\/p>\n\n<\/div><\/div>\n\n\n<style scope=\"scope\">\n\n<\/style>\n<\/div>\n<div class=\"gap-element\" style=\"display:block; height:auto; padding-top:60px\" class=\"clearfix\"><\/div>\n\n\t<section class=\"section\" id=\"section_45554380\">\n\t\t<div class=\"bg section-bg fill bg-fill  bg-loaded\" >\n\n\t\t\t\n\t\t\t\n\t\t\t\n\n\t\t<\/div><!-- .section-bg -->\n\n\t\t<div class=\"section-content relative\">\n\t\t\t\n\n<div class=\"row\"  id=\"row-23973536\">\n\n<div class=\"col medium-2 small-12 large-2\"  ><div class=\"col-inner\" style=\"margin:0px 0px 0px 0px;\" >\n\n\t<div class=\"img has-hover x md-x lg-x y md-y lg-y\" id=\"image_1162106234\">\n\t\t\t\t\t\t\t\t<div class=\"img-inner dark\" >\n\t\t\t<img loading=\"lazy\" decoding=\"async\" width=\"1020\" height=\"615\" src=\"https:\/\/nucleoflordavida.com.br\/site\/wp-content\/uploads\/2020\/11\/cesar.jpg\" class=\"attachment-large size-large\" alt=\"\" srcset=\"https:\/\/nucleoflordavida.com.br\/site\/wp-content\/uploads\/2020\/11\/cesar.jpg 1195w, https:\/\/nucleoflordavida.com.br\/site\/wp-content\/uploads\/2020\/11\/cesar-664x400.jpg 664w, https:\/\/nucleoflordavida.com.br\/site\/wp-content\/uploads\/2020\/11\/cesar-768x463.jpg 768w, https:\/\/nucleoflordavida.com.br\/site\/wp-content\/uploads\/2020\/11\/cesar-600x362.jpg 600w\" sizes=\"auto, (max-width: 1020px) 100vw, 1020px\" \/>\t\t\t\t\t\t\n\t\t\t\t\t<\/div>\n\t\t\t\t\t\t\t\t\n<style scope=\"scope\">\n\n#image_1162106234 {\n  width: 100%;\n}\n<\/style>\n\t<\/div>\n\t\n\n\n<\/div><\/div>\n<div class=\"col medium-10 small-12 large-10\"  ><div class=\"col-inner\"  >\n\n<h3 style=\"margin-bottom: -5px;\"><span style=\"font-size: 140%;\">Canrobert C\u00e9sar<\/span><\/h3>\n<p>Canrobert Cesar \u00e9 Acupunturista Tradicional herdeiro da Linhagem Taoista \"Agulha de Ouro\", Gin San (Montanha Dourada) e Long Men (Porta do Drag\u00e3o)...<\/p>\n<p><a href=\"\/site\/canrobert-cesar\/\">Saiba mais.<\/a><\/p>\n\n<\/div><\/div>\n\n<\/div>\n\n\t\t<\/div><!-- .section-content -->\n\n\t\t\n<style scope=\"scope\">\n\n#section_45554380 {\n  padding-top: 30px;\n  padding-bottom: 30px;\n  background-color: rgb(250, 250, 250);\n}\n<\/style>\n\t<\/section>\n\t\n\n\t<section class=\"section\" id=\"section_1002522375\">\n\t\t<div class=\"bg section-bg fill bg-fill  \" >\n\n\t\t\t\n\t\t\t<div class=\"section-bg-overlay absolute fill\"><\/div>\n\t\t\t\n\n\t\t<\/div><!-- .section-bg -->\n\n\t\t<div class=\"section-content relative\">\n\t\t\t\n\n<div class=\"row align-equal\"  id=\"row-800561216\">\n\n<div class=\"col small-12 large-12\"  ><div class=\"col-inner\"  >\n\n<div class=\"gap-element\" style=\"display:block; height:auto; padding-top:35px\" class=\"clearfix\"><\/div>\n\n\n  <div class=\"banner has-hover\" id=\"banner-287500615\">\n          <div class=\"banner-inner fill\">\n        <div class=\"banner-bg fill\" >\n            <div class=\"bg fill bg-fill \"><\/div>\n                                    \n                    <\/div><!-- bg-layers -->\n        <div class=\"banner-layers container\">\n            <div class=\"fill banner-link\"><\/div>            \n\n   <div id=\"text-box-1471583675\" class=\"text-box banner-layer x50 md-x10 lg-x10 y10 md-y15 lg-y15 res-text\">\n                                <div class=\"text \">\n              \n              <div class=\"text-inner text-center\">\n                  \n\n<div class=\"gap-element\" style=\"display:block; height:auto; padding-top:15px\" class=\"clearfix\"><\/div>\n\n<h3 class=\"uppercase\"><span style=\"font-size: 115%;\"><strong>AGENDE <br \/>SEU HOR\u00c1RIO<\/strong><\/span><\/h3>\n<p>Para agendar um hor\u00e1rio, basta ligar para o n\u00famero abaixo ou preencher o formul\u00e1rio ao lado:<\/p>\n<p><span style=\"font-size: 160%;\">Tel: +55 11 4412-1212 <br \/><img decoding=\"async\" src=\"http:\/\/nucleoflordavida.com.br\/site\/wp-content\/uploads\/2020\/11\/icon-whatsApp.png\" style=\"width:30px; margin-top:-6px\">11 99933-1340<\/span><\/p>\n<div class=\"social-icons follow-icons \" style=\"font-size:62%\"><a href=\"https:\/\/www.facebook.com\/sementeflordavida\" target=\"_blank\" data-label=\"Facebook\"  rel=\"noopener noreferrer nofollow\" class=\"icon button circle is-outline facebook tooltip\" title=\"Follow on Facebook\"><i class=\"icon-facebook\" ><\/i><\/a><a href=\"https:\/\/www.instagram.com\/sementeflordavida\/\" target=\"_blank\" rel=\"noopener noreferrer nofollow\" data-label=\"Instagram\" class=\"icon button circle is-outline  instagram tooltip\" title=\"Follow on Instagram\"><i class=\"icon-instagram\" ><\/i><\/a><\/div>\n\n\n              <\/div>\n           <\/div><!-- text-box-inner -->\n                            \n<style scope=\"scope\">\n\n#text-box-1471583675 {\n  margin: 0px 0px 0px 0px;\n  width: 69%;\n}\n#text-box-1471583675 .text {\n  font-size: 100%;\n}\n\n\n@media (min-width:550px) {\n\n  #text-box-1471583675 {\n    width: 38%;\n  }\n\n}\n<\/style>\n    <\/div><!-- text-box -->\n \n   <div id=\"text-box-398179194\" class=\"text-box banner-layer x50 md-x90 lg-x90 y90 md-y50 lg-y50 res-text\">\n                                <div class=\"text \">\n              \n              <div class=\"text-inner text-left\">\n                  \n\n[contact-form-7 id=\"438\"]\n\n\n              <\/div>\n           <\/div><!-- text-box-inner -->\n                            \n<style scope=\"scope\">\n\n#text-box-398179194 {\n  margin: 70px 0px 0px 0px;\n  width: 75%;\n}\n#text-box-398179194 .text-inner {\n  padding: 0px 0px 0px 0px;\n}\n#text-box-398179194 .text {\n  font-size: 100%;\n}\n\n\n@media (min-width:550px) {\n\n  #text-box-398179194 {\n    margin: 0 0px 0px 0px;\n    width: 36%;\n  }\n  #text-box-398179194 .text-inner {\n    padding: 0 0px 0px 0px;\n  }\n\n}\n<\/style>\n    <\/div><!-- text-box -->\n \n\n        <\/div><!-- .banner-layers -->\n      <\/div><!-- .banner-inner -->\n\n            \n<style scope=\"scope\">\n\n#banner-287500615 {\n  padding-top: 730px;\n  background-color: rgba(255, 255, 255, 0.91);\n}\n\n\n@media (min-width:550px) {\n\n  #banner-287500615 {\n    padding-top: 550px;\n  }\n\n}\n<\/style>\n  <\/div><!-- .banner -->\n\n\n\n<\/div><\/div>\n\n\n<style scope=\"scope\">\n\n<\/style>\n<\/div>\n\n\t\t<\/div><!-- .section-content -->\n\n\t\t\n<style scope=\"scope\">\n\n#section_1002522375 {\n  padding-top: 30px;\n  padding-bottom: 30px;\n}\n#section_1002522375 .section-bg-overlay {\n  background-color: rgba(255, 255, 255, 0.24);\n}\n#section_1002522375 .section-bg.bg-loaded {\n  background-image: url(https:\/\/nucleoflordavida.com.br\/site\/wp-content\/uploads\/2019\/02\/topo-home2-marca-dagua.jpg);\n}\n#section_1002522375 .section-bg {\n  background-position: 26% 58%;\n}\n<\/style>\n\t<\/section>\n\t\n\n\n","protected":false},"excerpt":{"rendered":"","protected":false},"author":1,"featured_media":0,"parent":0,"menu_order":0,"comment_status":"closed","ping_status":"closed","template":"page-transparent-header.php","meta":{"footnotes":""},"class_list":["post-473","page","type-page","status-publish","hentry"],"_links":{"self":[{"href":"https:\/\/nucleoflordavida.com.br\/site\/wp-json\/wp\/v2\/pages\/473","targetHints":{"allow":["GET"]}}],"collection":[{"href":"https:\/\/nucleoflordavida.com.br\/site\/wp-json\/wp\/v2\/pages"}],"about":[{"href":"https:\/\/nucleoflordavida.com.br\/site\/wp-json\/wp\/v2\/types\/page"}],"author":[{"embeddable":true,"href":"https:\/\/nucleoflordavida.com.br\/site\/wp-json\/wp\/v2\/users\/1"}],"replies":[{"embeddable":true,"href":"https:\/\/nucleoflordavida.com.br\/site\/wp-json\/wp\/v2\/comments?post=473"}],"version-history":[{"count":16,"href":"https:\/\/nucleoflordavida.com.br\/site\/wp-json\/wp\/v2\/pages\/473\/revisions"}],"predecessor-version":[{"id":1500,"href":"https:\/\/nucleoflordavida.com.br\/site\/wp-json\/wp\/v2\/pages\/473\/revisions\/1500"}],"wp:attachment":[{"href":"https:\/\/nucleoflordavida.com.br\/site\/wp-json\/wp\/v2\/media?parent=473"}],"curies":[{"name":"wp","href":"https:\/\/api.w.org\/{rel}","templated":true}]}}