{"id":919,"date":"2021-01-15T08:49:26","date_gmt":"2021-01-15T11:49:26","guid":{"rendered":"http:\/\/nucleoflordavida.com.br\/site\/?page_id=919"},"modified":"2021-02-05T10:48:23","modified_gmt":"2021-02-05T13:48:23","slug":"terapia-emdr","status":"publish","type":"page","link":"https:\/\/nucleoflordavida.com.br\/site\/terapia-emdr\/","title":{"rendered":"Terapia EMDR"},"content":{"rendered":"\n\n  <div class=\"banner has-hover\" id=\"banner-367594085\">\n          <div class=\"banner-inner fill\">\n        <div class=\"banner-bg fill\" >\n            <div class=\"bg fill bg-fill \"><\/div>\n                        <div class=\"overlay\"><\/div>            \n                    <\/div><!-- bg-layers -->\n        <div class=\"banner-layers container\">\n            <div class=\"fill banner-link\"><\/div>            \n\n\n        <\/div><!-- .banner-layers -->\n      <\/div><!-- .banner-inner -->\n\n            \n<style scope=\"scope\">\n\n#banner-367594085 {\n  padding-top: 320px;\n  background-color: rgb(255, 255, 255);\n}\n#banner-367594085 .bg.bg-loaded {\n  background-image: url(https:\/\/nucleoflordavida.com.br\/site\/wp-content\/uploads\/2021\/02\/bg-geral-azul.jpg);\n}\n#banner-367594085 .overlay {\n  background-color: rgba(255, 255, 255, 0.06);\n}\n#banner-367594085 .bg {\n  background-position: 48% 100%;\n}\n<\/style>\n  <\/div><!-- .banner -->\n\n\n<div class=\"row row-small\"  id=\"row-719861442\">\n\n<div class=\"col small-12 large-12\"  ><div class=\"col-inner\" style=\"background-color:rgb(255, 255, 255);padding:43px 0px 0px 0px;margin:-135px 0px 0px 0px;\" >\n\n<h1 style=\"text-align: center; font-weight: 300;\"><span style=\"font-size: 150%;\">Terapia EMDR e&nbsp;BRAINSPOTTING<\/span><\/h1>\n<p><img loading=\"lazy\" decoding=\"async\" class=\"aligncenter wp-image-333\" src=\"http:\/\/nucleoflordavida.com.br\/site\/wp-content\/uploads\/2021\/02\/cor_dourado_elemento.png\" alt=\"\" width=\"126\" height=\"40\"><\/p>\n<div class=\"row\"  id=\"row-536276929\">\n\n<div class=\"col medium-4 small-12 large-4\"  ><div class=\"col-inner\"  >\n\n\n<\/div><\/div>\n<div class=\"col medium-4 small-12 large-4\"  ><div class=\"col-inner\"  >\n\n\t<div class=\"img has-hover x md-x lg-x y md-y lg-y\" id=\"image_857303873\">\n\t\t\t\t\t\t\t\t<div class=\"img-inner dark\" >\n\t\t\t<img loading=\"lazy\" decoding=\"async\" width=\"640\" height=\"480\" src=\"https:\/\/nucleoflordavida.com.br\/site\/wp-content\/uploads\/2019\/02\/fisica.jpg\" class=\"attachment-large size-large\" alt=\"\" srcset=\"https:\/\/nucleoflordavida.com.br\/site\/wp-content\/uploads\/2019\/02\/fisica.jpg 640w, https:\/\/nucleoflordavida.com.br\/site\/wp-content\/uploads\/2019\/02\/fisica-533x400.jpg 533w, https:\/\/nucleoflordavida.com.br\/site\/wp-content\/uploads\/2019\/02\/fisica-600x450.jpg 600w\" sizes=\"auto, (max-width: 640px) 100vw, 640px\" \/>\t\t\t\t\t\t\n\t\t\t\t\t<\/div>\n\t\t\t\t\t\t\t\t\n<style scope=\"scope\">\n\n#image_857303873 {\n  width: 100%;\n}\n<\/style>\n\t<\/div>\n\t\n\n\n<\/div><\/div>\n<div class=\"col medium-4 small-12 large-4\"  ><div class=\"col-inner\"  >\n\n\n<\/div><\/div>\n\n<\/div>\n\n<\/div><\/div>\n\n\n<style scope=\"scope\">\n\n#row-719861442 > .col > .col-inner {\n  padding: 0px 0 0px 0px;\n}\n<\/style>\n<\/div>\n<div class=\"row\"  id=\"row-1716801207\">\n\n<div class=\"col small-12 large-12\"  ><div class=\"col-inner text-center\"  >\n\n<p style=\"text-align: justify;\"><strong>A Terapia EMDR<\/strong> sigla que corresponde a: Eye Movement Dessensitization and Reprocessing, que em portugu\u00eas significa Dessensibiliza\u00e7\u00e3o e Reprocessamento atrav\u00e9s do Movimento dos Olhos, \u00e9 uma nova abordagem psicoterap\u00eautica que desbloqueia mem\u00f3rias dolorosas atrav\u00e9s de estimula\u00e7\u00e3o bilateral do c\u00e9rebro. Este modelo psicoterap\u00eautico foi descoberto pela psiquiatra americana Francine Shapiro no final da d\u00e9cada de 80 e aprovadapela OMS (Organiza\u00e7\u00e3o Mundial de Sa\u00fade) para tratar o Transtorno de Estresse P\u00f3s Traum\u00e1tico (TEPT).<\/p>\n<p style=\"text-align: justify;\">Atualmente estudos cient\u00edficos e a experi\u00eancia cl\u00ednica apontam resultados positivos para outros transtornos como ansiedade, dor cr\u00f4nica, luto, depress\u00e3o, transtorno bipolar, transtornos compulsivos e alimentares, estados dissociativos e doen\u00e7as psicossom\u00e1ticas.<\/p>\n<p style=\"text-align: justify;\">O terapeuta de EMDR busca identificar o trauma, entender como ele est\u00e1 afetando a vida do indiv\u00edduo e organiza a estrat\u00e9gia terap\u00eautica visando desbloque\u00e1-lo. Isto ocorre porque esta t\u00e9cnica, estimula o c\u00e9rebro a processar as mem\u00f3rias perturbadoras, fazendo uma \u201creciclagem\u201d das imagens, emo\u00e7\u00f5es, sensa\u00e7\u00f5es corporais e cren\u00e7as negativas associadas \u00e0s mesmas, ou seja, \u00e9 uma terapia de reprocessamento. O passado fica no passado e a lembran\u00e7a deixa de desencadear o mal estar que despertava antes, libertando a mente para ressignificar experi\u00eancias e encontrar novas possibilidades de fluxo para uma quest\u00e3o, onde havia bloqueio e paraliza\u00e7\u00e3o. Livre do que aprisionava no passado, o cliente consegue a for\u00e7a e o positivismo necess\u00e1rios para seguir em frente.<\/p>\n<p style=\"text-align: justify;\">Seguindo numa abordagem semelhante, o psic\u00f3logo americano David Grand, ao aplicar sess\u00f5es de EMDR veio a descobrir, atrav\u00e9s do Movimento dos Olhos, pontos espec\u00edficos no c\u00e9rebro, que estimulam mem\u00f3rias traum\u00e1ticas e dores correspondentes. Trabalhando com estes pontos cerebrais atrav\u00e9s de posi\u00e7\u00f5es oculares espec\u00edficas, tamb\u00e9m alcan\u00e7ou excelentes resultados no reprocessamento e dessensibiliza\u00e7\u00e3o de mem\u00f3rias traum\u00e1ticas, sentimentos e sensa\u00e7\u00f5es que paralisam o fluir da vida do indiv\u00edduo. A este manejo deu o nome de BRAINSPOTTING.<\/p>\n<p style=\"text-align: center;\"><strong><em>\u201cOnde olhamos afeta como nos sentimos\u201d<\/em><\/strong><\/p>\n<p style=\"text-align: justify;\">Esta \u00e9 a m\u00e1xima de David Grand, que descobriu que a posi\u00e7\u00e3o ocular de um indiv\u00edduo &#8220;abre janelas&#8221; no c\u00e9rebro que permite acessar mem\u00f3rias de forma a transformar como enxergamos e vivemos experi\u00eancias traum\u00e1ticas. De forma pr\u00e1tica, em uma sess\u00e3o, o terapeuta com forma\u00e7\u00e3o em Brainspotting, acessa pontos no c\u00e9rebro que armazenam as experi\u00eancias de trauma (a partir da posi\u00e7\u00e3o ocular) e substitui essa rede de mem\u00f3rias, de forma que o evento traum\u00e1tico n\u00e3o seja mais uma limita\u00e7\u00e3o e, ao ser reprocessado ou ressignificado o indiv\u00edduo torna-se emocional e bioquimicamente \u2018liberto\u2019 dessas amarras. Apenas psic\u00f3logos e m\u00e9dicos com Forma\u00e7\u00e3o espec\u00edfica nas t\u00e9cnicas de EMDR e BRAINSPOTTING, est\u00e3o habilitados a trabalhar com estas abordagens psicoterap\u00eauticas.<\/p>\n\n<\/div><\/div>\n\n<\/div>\n<div class=\"gap-element\" style=\"display:block; height:auto; padding-top:60px\" class=\"clearfix\"><\/div>\n\n\t<section class=\"section\" id=\"section_1338007737\">\n\t\t<div class=\"bg section-bg fill bg-fill  \" >\n\n\t\t\t\n\t\t\t<div class=\"section-bg-overlay absolute fill\"><\/div>\n\t\t\t\n\n\t\t<\/div><!-- .section-bg -->\n\n\t\t<div class=\"section-content relative\">\n\t\t\t\n\n<div class=\"row align-equal\"  id=\"row-187204451\">\n\n<div class=\"col small-12 large-12\"  ><div class=\"col-inner\"  >\n\n<div class=\"gap-element\" style=\"display:block; height:auto; padding-top:35px\" class=\"clearfix\"><\/div>\n\n\n  <div class=\"banner has-hover\" id=\"banner-69312342\">\n          <div class=\"banner-inner fill\">\n        <div class=\"banner-bg fill\" >\n            <div class=\"bg fill bg-fill \"><\/div>\n                                    \n                    <\/div><!-- bg-layers -->\n        <div class=\"banner-layers container\">\n            <div class=\"fill banner-link\"><\/div>            \n\n   <div id=\"text-box-5809752\" class=\"text-box banner-layer x50 md-x10 lg-x10 y10 md-y15 lg-y15 res-text\">\n                                <div class=\"text \">\n              \n              <div class=\"text-inner text-center\">\n                  \n\n<div class=\"gap-element\" style=\"display:block; height:auto; padding-top:15px\" class=\"clearfix\"><\/div>\n\n<h3 class=\"uppercase\"><span style=\"font-size: 115%;\"><strong>AGENDE <br \/>SEU HOR\u00c1RIO<\/strong><\/span><\/h3>\n<p>Para agendar um hor\u00e1rio, basta ligar para o n\u00famero abaixo ou preencher o formul\u00e1rio ao lado:<\/p>\n<p><span style=\"font-size: 160%;\">Tel: +55 11 4412-1212 <br \/><img decoding=\"async\" src=\"http:\/\/nucleoflordavida.com.br\/site\/wp-content\/uploads\/2020\/11\/icon-whatsApp.png\" style=\"width:30px; margin-top:-6px\">11 99933-1340<\/span><\/p>\n<div class=\"social-icons follow-icons \" style=\"font-size:62%\"><a href=\"https:\/\/www.facebook.com\/sementeflordavida\" target=\"_blank\" data-label=\"Facebook\"  rel=\"noopener noreferrer nofollow\" class=\"icon button circle is-outline facebook tooltip\" title=\"Follow on Facebook\"><i class=\"icon-facebook\" ><\/i><\/a><a href=\"https:\/\/www.instagram.com\/sementeflordavida\/\" target=\"_blank\" rel=\"noopener noreferrer nofollow\" data-label=\"Instagram\" class=\"icon button circle is-outline  instagram tooltip\" title=\"Follow on Instagram\"><i class=\"icon-instagram\" ><\/i><\/a><\/div>\n\n\n              <\/div>\n           <\/div><!-- text-box-inner -->\n                            \n<style scope=\"scope\">\n\n#text-box-5809752 {\n  margin: 0px 0px 0px 0px;\n  width: 69%;\n}\n#text-box-5809752 .text {\n  font-size: 100%;\n}\n\n\n@media (min-width:550px) {\n\n  #text-box-5809752 {\n    width: 38%;\n  }\n\n}\n<\/style>\n    <\/div><!-- text-box -->\n \n   <div id=\"text-box-1248112625\" class=\"text-box banner-layer x50 md-x90 lg-x90 y90 md-y50 lg-y50 res-text\">\n                                <div class=\"text \">\n              \n              <div class=\"text-inner text-left\">\n                  \n\n[contact-form-7 id=\"438\"]\n\n\n              <\/div>\n           <\/div><!-- text-box-inner -->\n                            \n<style scope=\"scope\">\n\n#text-box-1248112625 {\n  margin: 70px 0px 0px 0px;\n  width: 75%;\n}\n#text-box-1248112625 .text-inner {\n  padding: 0px 0px 0px 0px;\n}\n#text-box-1248112625 .text {\n  font-size: 100%;\n}\n\n\n@media (min-width:550px) {\n\n  #text-box-1248112625 {\n    margin: 0 0px 0px 0px;\n    width: 36%;\n  }\n  #text-box-1248112625 .text-inner {\n    padding: 0 0px 0px 0px;\n  }\n\n}\n<\/style>\n    <\/div><!-- text-box -->\n \n\n        <\/div><!-- .banner-layers -->\n      <\/div><!-- .banner-inner -->\n\n            \n<style scope=\"scope\">\n\n#banner-69312342 {\n  padding-top: 730px;\n  background-color: rgba(255, 255, 255, 0.91);\n}\n\n\n@media (min-width:550px) {\n\n  #banner-69312342 {\n    padding-top: 550px;\n  }\n\n}\n<\/style>\n  <\/div><!-- .banner -->\n\n\n\n<\/div><\/div>\n\n\n<style scope=\"scope\">\n\n<\/style>\n<\/div>\n\n\t\t<\/div><!-- .section-content -->\n\n\t\t\n<style scope=\"scope\">\n\n#section_1338007737 {\n  padding-top: 30px;\n  padding-bottom: 30px;\n}\n#section_1338007737 .section-bg-overlay {\n  background-color: rgba(255, 255, 255, 0.24);\n}\n#section_1338007737 .section-bg.bg-loaded {\n  background-image: url(https:\/\/nucleoflordavida.com.br\/site\/wp-content\/uploads\/2019\/02\/topo-home2-marca-dagua.jpg);\n}\n#section_1338007737 .section-bg {\n  background-position: 26% 58%;\n}\n<\/style>\n\t<\/section>\n\t\n\n\n","protected":false},"excerpt":{"rendered":"","protected":false},"author":3,"featured_media":0,"parent":0,"menu_order":0,"comment_status":"closed","ping_status":"closed","template":"page-transparent-header.php","meta":{"footnotes":""},"class_list":["post-919","page","type-page","status-publish","hentry"],"_links":{"self":[{"href":"https:\/\/nucleoflordavida.com.br\/site\/wp-json\/wp\/v2\/pages\/919","targetHints":{"allow":["GET"]}}],"collection":[{"href":"https:\/\/nucleoflordavida.com.br\/site\/wp-json\/wp\/v2\/pages"}],"about":[{"href":"https:\/\/nucleoflordavida.com.br\/site\/wp-json\/wp\/v2\/types\/page"}],"author":[{"embeddable":true,"href":"https:\/\/nucleoflordavida.com.br\/site\/wp-json\/wp\/v2\/users\/3"}],"replies":[{"embeddable":true,"href":"https:\/\/nucleoflordavida.com.br\/site\/wp-json\/wp\/v2\/comments?post=919"}],"version-history":[{"count":18,"href":"https:\/\/nucleoflordavida.com.br\/site\/wp-json\/wp\/v2\/pages\/919\/revisions"}],"predecessor-version":[{"id":1527,"href":"https:\/\/nucleoflordavida.com.br\/site\/wp-json\/wp\/v2\/pages\/919\/revisions\/1527"}],"wp:attachment":[{"href":"https:\/\/nucleoflordavida.com.br\/site\/wp-json\/wp\/v2\/media?parent=919"}],"curies":[{"name":"wp","href":"https:\/\/api.w.org\/{rel}","templated":true}]}}